{"id":728,"date":"2021-07-12T08:56:43","date_gmt":"2021-07-12T08:56:43","guid":{"rendered":"https:\/\/www.northatlantic-islands.com\/?page_id=728"},"modified":"2021-10-25T08:37:55","modified_gmt":"2021-10-25T08:37:55","slug":"ansoegningsguide","status":"publish","type":"page","link":"https:\/\/www.northatlantic-islands.com\/da\/ansoeg-nu\/ansoegningsguide\/","title":{"rendered":"Ans\u00f8gningsguide"},"content":{"rendered":"\n<div class=\"wp-block-cover alignfull has-background-dim\"><img loading=\"lazy\" decoding=\"async\" width=\"1440\" height=\"550\" class=\"wp-block-cover__image-background wp-image-123\" alt=\"\" src=\"http:\/\/www.northatlantic-islands.com\/wp-content\/uploads\/2021\/06\/Asmundarstakkur-scale2-h_Luca-Renner_@lucarennerphotography-1-1.jpg\" data-object-fit=\"cover\" srcset=\"https:\/\/www.northatlantic-islands.com\/wp-content\/uploads\/2021\/06\/Asmundarstakkur-scale2-h_Luca-Renner_@lucarennerphotography-1-1.jpg 1440w, https:\/\/www.northatlantic-islands.com\/wp-content\/uploads\/2021\/06\/Asmundarstakkur-scale2-h_Luca-Renner_@lucarennerphotography-1-1-800x306.jpg 800w, https:\/\/www.northatlantic-islands.com\/wp-content\/uploads\/2021\/06\/Asmundarstakkur-scale2-h_Luca-Renner_@lucarennerphotography-1-1-768x293.jpg 768w, https:\/\/www.northatlantic-islands.com\/wp-content\/uploads\/2021\/06\/Asmundarstakkur-scale2-h_Luca-Renner_@lucarennerphotography-1-1-640x244.jpg 640w, https:\/\/www.northatlantic-islands.com\/wp-content\/uploads\/2021\/06\/Asmundarstakkur-scale2-h_Luca-Renner_@lucarennerphotography-1-1-1280x489.jpg 1280w\" sizes=\"auto, (max-width: 1440px) 100vw, 1440px\" \/><div class=\"wp-block-cover__inner-container is-layout-flow wp-block-cover-is-layout-flow\">\n<h2 class=\"has-text-align-center wp-block-heading\">Ans\u00f8gningsguide<\/h2>\n<\/div><\/div>\n\n\n\n<div style=\"height:50px\" aria-hidden=\"true\" class=\"wp-block-spacer\"><\/div>\n\n\n\n<p>Denne korte guide forklarer, hvordan man s\u00f8ger om st\u00f8tte fra NATA. Alle fra Gr\u00f8nland, Island og F\u00e6r\u00f8erne kan s\u00f8ge. Du kan l\u00e6se mere om hvad vi giver st\u00f8tte til p\u00e5 siden <a href=\"https:\/\/www.northatlantic-islands.com\/da\/ansoeg-nu\/\" target=\"_blank\" rel=\"noreferrer noopener\">Ans\u00f8g nu<\/a>.<\/p>\n\n\n\n<h2 class=\"wp-block-heading\">S\u00e5dan ans\u00f8ger du<\/h2>\n\n\n\n<h3 class=\"wp-block-heading\">Indsendelse af ans\u00f8gning<\/h3>\n\n\n\n<p>Du kan ans\u00f8ge om st\u00f8tte fra NATA ved at bruge vores onlineformularer.<br>P\u00e5 formularerne skal du anf\u00f8re information som:<\/p>\n\n\n\n<ul class=\"wp-block-list\"><li>En kort beskrivelse af projektet<\/li><li>Projektets tidshorisont<\/li><li>Kontakt- og budgetoplysninger<\/li><li>Yderligere information, som kan v\u00e6re relevant for din ans\u00f8gning<\/li><\/ul>\n\n\n\n<p>Der er to forskellige formularer til de to typer st\u00f8tte, som vi giver. Det drejer sig om:<\/p>\n\n\n\n<div class=\"wp-block-buttons is-layout-flex wp-block-buttons-is-layout-flex\">\n<div class=\"wp-block-button\"><a class=\"wp-block-button__link\" href=\"https:\/\/www.northatlantic-islands.com\/da\/ansoeg-nu\/formular-til-turismeudvikling-og-markedsfoering\/\" target=\"_blank\" rel=\"noreferrer noopener\">Ans\u00f8gningsformular for st\u00f8tte til turismeudvikling og markedsf\u00f8ring<\/a><\/div>\n\n\n\n<div class=\"wp-block-button\"><a class=\"wp-block-button__link\" href=\"https:\/\/www.northatlantic-islands.com\/da\/ansoeg-nu\/formular-til-rejsestoette\/\" target=\"_blank\" rel=\"noreferrer noopener\">Ans\u00f8gningsformular om rejsest\u00f8tte<\/a><\/div>\n<\/div>\n\n\n\n<h3 class=\"wp-block-heading\">Ans\u00f8gningsfrist<\/h3>\n\n\n\n<p>Der er to ans\u00f8gningsfrister om \u00e5ret, og de er som regel i februar og september. Hold \u00f8je med vores <a href=\"https:\/\/www.northatlantic-islands.com\/da\/nyheder\/\">Nyheder<\/a> for at f\u00e5 information om datoerne.<br>Vores onlineformularer er aktive hele \u00e5ret (undtagen i ugerne umiddelbart efter ans\u00f8gningsfristerne, mens de aktuelle ans\u00f8gninger bliver gennemg\u00e5et). <\/p>\n\n\n\n<h3 class=\"wp-block-heading\">S\u00e5dan bed\u00f8mmes ans\u00f8gninger om st\u00f8tte til turismeudvikling og markedsf\u00f8ring<\/h3>\n\n\n\n<p>Disse ans\u00f8gninger bed\u00f8mmes p\u00e5 baggrund af f\u00f8lgende faktorer:<\/p>\n\n\n\n<ul class=\"wp-block-list\"><li>Id\u00e9en og ans\u00f8gningens kvalitet &#8211; s\u00f8rg for at udfylde formularen korrekt, da mangelfulde formularer ikke vil blive taget i betragtning<\/li><li>Budgetbehov og anden finansiering<\/li><li>Turismeudvikling<\/li><li>Partnerskab mellem landene<\/li><li>Markedsf\u00f8ringsmuligheder<\/li><li>Innovativ karakter<\/li><li>Samfunds- og b\u00e6redygtighedsaspekter<\/li><\/ul>\n\n\n\n<p>Venligst l\u00e6s NATA-vurderingskriterierne n\u00f8je, inden du sender ans\u00f8gningen<\/p>\n\n\n\n<div class=\"wp-block-file\"><a href=\"http:\/\/www.northatlantic-islands.com\/wp-content\/uploads\/2021\/07\/NATA-evaluation-criteria_new-edition_DK.pdf\">NATA-vurderingskriterier<\/a><a href=\"http:\/\/www.northatlantic-islands.com\/wp-content\/uploads\/2021\/07\/NATA-evaluation-criteria_new-edition_DK.pdf\" class=\"wp-block-file__button\" download>Download<\/a><\/div>\n\n\n\n<p>Der er kun projekter, som involverer et samarbejde mellem mindst to af de tre vestnordiske lande: Gr\u00f8nland, Island og F\u00e6r\u00f8erne, der vil blive taget i betragtning til st\u00f8tte i denne kategori.<\/p>\n\n\n\n<p>Det maksimale tilskudsbel\u00f8b til denne type projekter er DKK 100.000, og dette bel\u00f8b m\u00e5 ikke overstige 50% af projektets samlede finansiering. St\u00f8tten er ikke beregnet til l\u00f8nninger eller konsulenthonorarer.<\/p>\n\n\n\n<h3 class=\"wp-block-heading\">S\u00e5dan bed\u00f8mmes ans\u00f8gninger om rejsest\u00f8tte<\/h3>\n\n\n\n<p>Vi bed\u00f8mmer ans\u00f8gninger om rejsest\u00f8tte p\u00e5 baggrund af f\u00f8lgende faktorer:<\/p>\n\n\n\n<ul class=\"wp-block-list\" id=\"block-c6f09559-b303-435b-9629-48e872065daf\"><li>Form\u00e5let med rejsen<\/li><li>Ans\u00f8gningens kvalitet &#8211; s\u00f8rg for at udfylde formularen korrekt, da mangelfulde formularer ikke vil blive taget i betragtning<\/li><li>At der l\u00e6gges v\u00e6gt p\u00e5 kulturel interaktion, fx ophold hos lokale familier i stedet for at bo p\u00e5 hotel<\/li><li>Budgetbehov og anden finansiering<\/li><\/ul>\n\n\n\n<p>Den maksimale rejsest\u00f8tte, som NATA yder, er:<\/p>\n\n\n\n<ul class=\"wp-block-list\"><li>DKK 1.000 pr. person for rejser mellem Island og F\u00e6r\u00f8erne (tur\/retur)<\/li><li>DKK 2.000 pr. person for rejser mellem Island og Gr\u00f8nland (tur\/retur)<\/li><li>DKK 3.000 pr. person for rejser mellem F\u00e6r\u00f8erne og Gr\u00f8nland (tur\/retur)<\/li><\/ul>\n\n\n\n<p>Tilskuddet er udelukkende beregnet til rejseomkostninger &#8211; ikke logi eller leveomkostninger.<\/p>\n\n\n\n<h3 class=\"wp-block-heading\">Hvad sker der bagefter?<\/h3>\n\n\n\n<p>To gange om \u00e5ret, efter de to ans\u00f8gningfrister, vil <a href=\"https:\/\/www.northatlantic-islands.com\/da\/bestyrelsen-2\/\">Bestyrelsen<\/a> i NATA bed\u00f8mme de indsendte ans\u00f8gninger. De vil beslutte, hvilke projekter der skal modtage st\u00f8tte, og hvor meget der skal gives.<\/p>\n\n\n\n<p>Umiddelbart efter vil ans\u00f8gerne via e-mail blive informeret om, hvorvidt deres ans\u00f8gning er blevet godkendt eller ej.<\/p>\n\n\n\n<h3 class=\"wp-block-heading\">Godkendte ans\u00f8gninger<\/h3>\n\n\n\n<p>Godkendte ans\u00f8gere vil f\u00e5 besked via e-mail. Hvis du er blevet tildelt st\u00f8tte til turismeudvikling eller markedsf\u00f8ring, vil e-mailen ogs\u00e5 indeholde en forvaltningskontrakt til st\u00f8tten. Desuden vil du modtage information om eventuelle andre betingelser vedr\u00f8rende st\u00f8tten.<\/p>\n\n\n\n<p>Hvis der sker \u00e6ndringer i dit projekt, efter der er blevet tildelt st\u00f8tte, skal du underrette NATA via e-mail s\u00e5 hurtigt som muligt.<\/p>\n\n\n\n<h3 class=\"wp-block-heading\">N\u00e5r dit projekt eller din rejse er gennemf\u00f8rt<\/h3>\n\n\n\n<div style=\"height:35px\" aria-hidden=\"true\" class=\"wp-block-spacer\"><\/div>\n\n\n\n<h6 class=\"wp-block-heading\">Turismeudvikling og markedsf\u00f8ring:<\/h6>\n\n\n\n<p>N\u00e5r du har gennemf\u00f8rt dit projekt skal du sende en e-mail til NATA med:<\/p>\n\n\n\n<ul class=\"wp-block-list\"><li>En kort projektrapport<\/li><li>Et regnskab<\/li><li>Dokumentation for dine udgifter<\/li><li>Konto oplysninger til udbetaling af st\u00f8tten<\/li><\/ul>\n\n\n\n<h6 class=\"wp-block-heading\">Rejsest\u00f8tte:<\/h6>\n\n\n\n<p>Du skal sende en e-mail til NATA med: <\/p>\n\n\n\n<ul class=\"wp-block-list\"><li>Rejseomkostninger<\/li><li>Konto oplysninger til udbetaling af st\u00f8tten<\/li><\/ul>\n\n\n\n<div style=\"height:51px\" aria-hidden=\"true\" class=\"wp-block-spacer\"><\/div>\n","protected":false},"excerpt":{"rendered":"<p>Denne korte guide forklarer, hvordan man s\u00f8ger om st\u00f8tte fra NATA. Alle fra Gr\u00f8nland, Island og F\u00e6r\u00f8erne kan s\u00f8ge. Du kan l\u00e6se mere om hvad vi giver st\u00f8tte til p\u00e5 siden Ans\u00f8g nu. S\u00e5dan ans\u00f8ger du Indsendelse af ans\u00f8gning Du kan ans\u00f8ge om st\u00f8tte fra NATA ved at bruge vores onlineformularer.P\u00e5 formularerne skal du anf\u00f8re [&hellip;]<\/p>\n","protected":false},"author":1,"featured_media":0,"parent":637,"menu_order":14,"comment_status":"closed","ping_status":"closed","template":"","meta":{"_acf_changed":false,"footnotes":""},"class_list":["post-728","page","type-page","status-publish","hentry"],"acf":[],"yoast_head":"<!-- This site is optimized with the Yoast SEO plugin v27.6 - https:\/\/yoast.com\/product\/yoast-seo-wordpress\/ -->\n<title>Ans\u00f8gningsguide - NATA North Atlantic Tourism Association<\/title>\n<meta name=\"description\" content=\"Kort guide der forklarer, hvordan man s\u00f8ger st\u00f8tte fra NATA - North Atlantic Tourism Association. Regler og ans\u00f8gningsformularer.\" \/>\n<meta name=\"robots\" content=\"index, follow, max-snippet:-1, max-image-preview:large, max-video-preview:-1\" \/>\n<link rel=\"canonical\" href=\"https:\/\/www.northatlantic-islands.com\/da\/ansoeg-nu\/ansoegningsguide\/\" \/>\n<meta property=\"og:locale\" content=\"da_DK\" \/>\n<meta property=\"og:type\" content=\"article\" \/>\n<meta property=\"og:title\" content=\"Ans\u00f8gningsguide til st\u00f8tte fra NATA - North Atlantic Tourism Association\" \/>\n<meta property=\"og:description\" content=\"Kort guide der forklarer, hvordan man s\u00f8ger st\u00f8tte fra NATA - North Atlantic Tourism Association. Regler og ans\u00f8gningsformularer.\" \/>\n<meta property=\"og:url\" content=\"https:\/\/www.northatlantic-islands.com\/da\/ansoeg-nu\/ansoegningsguide\/\" \/>\n<meta property=\"og:site_name\" content=\"NATA\" \/>\n<meta property=\"article:modified_time\" content=\"2021-10-25T08:37:55+00:00\" \/>\n<meta property=\"og:image\" content=\"https:\/\/www.northatlantic-islands.com\/wp-content\/uploads\/2021\/06\/Asmundarstakkur-scale2-h_Luca-Renner_@lucarennerphotography-1-2.jpg\" \/>\n\t<meta property=\"og:image:width\" content=\"1440\" \/>\n\t<meta property=\"og:image:height\" content=\"850\" \/>\n\t<meta property=\"og:image:type\" content=\"image\/jpeg\" \/>\n<meta name=\"twitter:card\" content=\"summary_large_image\" \/>\n<meta name=\"twitter:title\" content=\"Ans\u00f8gningsguide til st\u00f8tte fra NATA - North Atlantic Tourism Association\" \/>\n<meta name=\"twitter:description\" content=\"Kort guide der forklarer, hvordan man s\u00f8ger st\u00f8tte fra NATA - North Atlantic Tourism Association. Regler og ans\u00f8gningsformularer.\" \/>\n<meta name=\"twitter:image\" content=\"https:\/\/www.northatlantic-islands.com\/wp-content\/uploads\/2021\/06\/Asmundarstakkur-scale2-h_Luca-Renner_@lucarennerphotography-1-2.jpg\" \/>\n<meta name=\"twitter:label1\" content=\"Estimeret l\u00e6setid\" \/>\n\t<meta name=\"twitter:data1\" content=\"3 minutter\" \/>\n<script type=\"application\/ld+json\" class=\"yoast-schema-graph\">{\"@context\":\"https:\\\/\\\/schema.org\",\"@graph\":[{\"@type\":\"WebPage\",\"@id\":\"https:\\\/\\\/www.northatlantic-islands.com\\\/da\\\/ansoeg-nu\\\/ansoegningsguide\\\/\",\"url\":\"https:\\\/\\\/www.northatlantic-islands.com\\\/da\\\/ansoeg-nu\\\/ansoegningsguide\\\/\",\"name\":\"Ans\u00f8gningsguide - NATA North Atlantic Tourism Association\",\"isPartOf\":{\"@id\":\"https:\\\/\\\/www.northatlantic-islands.com\\\/da\\\/#website\"},\"primaryImageOfPage\":{\"@id\":\"https:\\\/\\\/www.northatlantic-islands.com\\\/da\\\/ansoeg-nu\\\/ansoegningsguide\\\/#primaryimage\"},\"image\":{\"@id\":\"https:\\\/\\\/www.northatlantic-islands.com\\\/da\\\/ansoeg-nu\\\/ansoegningsguide\\\/#primaryimage\"},\"thumbnailUrl\":\"http:\\\/\\\/www.northatlantic-islands.com\\\/wp-content\\\/uploads\\\/2021\\\/06\\\/Asmundarstakkur-scale2-h_Luca-Renner_@lucarennerphotography-1-1.jpg\",\"datePublished\":\"2021-07-12T08:56:43+00:00\",\"dateModified\":\"2021-10-25T08:37:55+00:00\",\"description\":\"Kort guide der forklarer, hvordan man s\u00f8ger st\u00f8tte fra NATA - North Atlantic Tourism Association. Regler og ans\u00f8gningsformularer.\",\"breadcrumb\":{\"@id\":\"https:\\\/\\\/www.northatlantic-islands.com\\\/da\\\/ansoeg-nu\\\/ansoegningsguide\\\/#breadcrumb\"},\"inLanguage\":\"da-DK\",\"potentialAction\":[{\"@type\":\"ReadAction\",\"target\":[\"https:\\\/\\\/www.northatlantic-islands.com\\\/da\\\/ansoeg-nu\\\/ansoegningsguide\\\/\"]}]},{\"@type\":\"ImageObject\",\"inLanguage\":\"da-DK\",\"@id\":\"https:\\\/\\\/www.northatlantic-islands.com\\\/da\\\/ansoeg-nu\\\/ansoegningsguide\\\/#primaryimage\",\"url\":\"http:\\\/\\\/www.northatlantic-islands.com\\\/wp-content\\\/uploads\\\/2021\\\/06\\\/Asmundarstakkur-scale2-h_Luca-Renner_@lucarennerphotography-1-1.jpg\",\"contentUrl\":\"http:\\\/\\\/www.northatlantic-islands.com\\\/wp-content\\\/uploads\\\/2021\\\/06\\\/Asmundarstakkur-scale2-h_Luca-Renner_@lucarennerphotography-1-1.jpg\"},{\"@type\":\"BreadcrumbList\",\"@id\":\"https:\\\/\\\/www.northatlantic-islands.com\\\/da\\\/ansoeg-nu\\\/ansoegningsguide\\\/#breadcrumb\",\"itemListElement\":[{\"@type\":\"ListItem\",\"position\":1,\"name\":\"Home\",\"item\":\"https:\\\/\\\/www.northatlantic-islands.com\\\/da\\\/\"},{\"@type\":\"ListItem\",\"position\":2,\"name\":\"Ans\u00f8g nu\",\"item\":\"https:\\\/\\\/www.northatlantic-islands.com\\\/da\\\/ansoeg-nu\\\/\"},{\"@type\":\"ListItem\",\"position\":3,\"name\":\"Ans\u00f8gningsguide\"}]},{\"@type\":\"WebSite\",\"@id\":\"https:\\\/\\\/www.northatlantic-islands.com\\\/da\\\/#website\",\"url\":\"https:\\\/\\\/www.northatlantic-islands.com\\\/da\\\/\",\"name\":\"NATA\",\"description\":\"North Atlantic Tourism Association\",\"potentialAction\":[{\"@type\":\"SearchAction\",\"target\":{\"@type\":\"EntryPoint\",\"urlTemplate\":\"https:\\\/\\\/www.northatlantic-islands.com\\\/da\\\/?s={search_term_string}\"},\"query-input\":{\"@type\":\"PropertyValueSpecification\",\"valueRequired\":true,\"valueName\":\"search_term_string\"}}],\"inLanguage\":\"da-DK\"}]}<\/script>\n<!-- \/ Yoast SEO plugin. -->","yoast_head_json":{"title":"Ans\u00f8gningsguide - NATA North Atlantic Tourism Association","description":"Kort guide der forklarer, hvordan man s\u00f8ger st\u00f8tte fra NATA - North Atlantic Tourism Association. Regler og ans\u00f8gningsformularer.","robots":{"index":"index","follow":"follow","max-snippet":"max-snippet:-1","max-image-preview":"max-image-preview:large","max-video-preview":"max-video-preview:-1"},"canonical":"https:\/\/www.northatlantic-islands.com\/da\/ansoeg-nu\/ansoegningsguide\/","og_locale":"da_DK","og_type":"article","og_title":"Ans\u00f8gningsguide til st\u00f8tte fra NATA - North Atlantic Tourism Association","og_description":"Kort guide der forklarer, hvordan man s\u00f8ger st\u00f8tte fra NATA - North Atlantic Tourism Association. Regler og ans\u00f8gningsformularer.","og_url":"https:\/\/www.northatlantic-islands.com\/da\/ansoeg-nu\/ansoegningsguide\/","og_site_name":"NATA","article_modified_time":"2021-10-25T08:37:55+00:00","og_image":[{"width":1440,"height":850,"url":"https:\/\/www.northatlantic-islands.com\/wp-content\/uploads\/2021\/06\/Asmundarstakkur-scale2-h_Luca-Renner_@lucarennerphotography-1-2.jpg","type":"image\/jpeg"}],"twitter_card":"summary_large_image","twitter_title":"Ans\u00f8gningsguide til st\u00f8tte fra NATA - North Atlantic Tourism Association","twitter_description":"Kort guide der forklarer, hvordan man s\u00f8ger st\u00f8tte fra NATA - North Atlantic Tourism Association. Regler og ans\u00f8gningsformularer.","twitter_image":"https:\/\/www.northatlantic-islands.com\/wp-content\/uploads\/2021\/06\/Asmundarstakkur-scale2-h_Luca-Renner_@lucarennerphotography-1-2.jpg","twitter_misc":{"Estimeret l\u00e6setid":"3 minutter"},"schema":{"@context":"https:\/\/schema.org","@graph":[{"@type":"WebPage","@id":"https:\/\/www.northatlantic-islands.com\/da\/ansoeg-nu\/ansoegningsguide\/","url":"https:\/\/www.northatlantic-islands.com\/da\/ansoeg-nu\/ansoegningsguide\/","name":"Ans\u00f8gningsguide - NATA North Atlantic Tourism Association","isPartOf":{"@id":"https:\/\/www.northatlantic-islands.com\/da\/#website"},"primaryImageOfPage":{"@id":"https:\/\/www.northatlantic-islands.com\/da\/ansoeg-nu\/ansoegningsguide\/#primaryimage"},"image":{"@id":"https:\/\/www.northatlantic-islands.com\/da\/ansoeg-nu\/ansoegningsguide\/#primaryimage"},"thumbnailUrl":"http:\/\/www.northatlantic-islands.com\/wp-content\/uploads\/2021\/06\/Asmundarstakkur-scale2-h_Luca-Renner_@lucarennerphotography-1-1.jpg","datePublished":"2021-07-12T08:56:43+00:00","dateModified":"2021-10-25T08:37:55+00:00","description":"Kort guide der forklarer, hvordan man s\u00f8ger st\u00f8tte fra NATA - North Atlantic Tourism Association. Regler og ans\u00f8gningsformularer.","breadcrumb":{"@id":"https:\/\/www.northatlantic-islands.com\/da\/ansoeg-nu\/ansoegningsguide\/#breadcrumb"},"inLanguage":"da-DK","potentialAction":[{"@type":"ReadAction","target":["https:\/\/www.northatlantic-islands.com\/da\/ansoeg-nu\/ansoegningsguide\/"]}]},{"@type":"ImageObject","inLanguage":"da-DK","@id":"https:\/\/www.northatlantic-islands.com\/da\/ansoeg-nu\/ansoegningsguide\/#primaryimage","url":"http:\/\/www.northatlantic-islands.com\/wp-content\/uploads\/2021\/06\/Asmundarstakkur-scale2-h_Luca-Renner_@lucarennerphotography-1-1.jpg","contentUrl":"http:\/\/www.northatlantic-islands.com\/wp-content\/uploads\/2021\/06\/Asmundarstakkur-scale2-h_Luca-Renner_@lucarennerphotography-1-1.jpg"},{"@type":"BreadcrumbList","@id":"https:\/\/www.northatlantic-islands.com\/da\/ansoeg-nu\/ansoegningsguide\/#breadcrumb","itemListElement":[{"@type":"ListItem","position":1,"name":"Home","item":"https:\/\/www.northatlantic-islands.com\/da\/"},{"@type":"ListItem","position":2,"name":"Ans\u00f8g nu","item":"https:\/\/www.northatlantic-islands.com\/da\/ansoeg-nu\/"},{"@type":"ListItem","position":3,"name":"Ans\u00f8gningsguide"}]},{"@type":"WebSite","@id":"https:\/\/www.northatlantic-islands.com\/da\/#website","url":"https:\/\/www.northatlantic-islands.com\/da\/","name":"NATA","description":"North Atlantic Tourism Association","potentialAction":[{"@type":"SearchAction","target":{"@type":"EntryPoint","urlTemplate":"https:\/\/www.northatlantic-islands.com\/da\/?s={search_term_string}"},"query-input":{"@type":"PropertyValueSpecification","valueRequired":true,"valueName":"search_term_string"}}],"inLanguage":"da-DK"}]}},"_links":{"self":[{"href":"https:\/\/www.northatlantic-islands.com\/da\/wp-json\/wp\/v2\/pages\/728","targetHints":{"allow":["GET"]}}],"collection":[{"href":"https:\/\/www.northatlantic-islands.com\/da\/wp-json\/wp\/v2\/pages"}],"about":[{"href":"https:\/\/www.northatlantic-islands.com\/da\/wp-json\/wp\/v2\/types\/page"}],"author":[{"embeddable":true,"href":"https:\/\/www.northatlantic-islands.com\/da\/wp-json\/wp\/v2\/users\/1"}],"replies":[{"embeddable":true,"href":"https:\/\/www.northatlantic-islands.com\/da\/wp-json\/wp\/v2\/comments?post=728"}],"version-history":[{"count":18,"href":"https:\/\/www.northatlantic-islands.com\/da\/wp-json\/wp\/v2\/pages\/728\/revisions"}],"predecessor-version":[{"id":1647,"href":"https:\/\/www.northatlantic-islands.com\/da\/wp-json\/wp\/v2\/pages\/728\/revisions\/1647"}],"up":[{"embeddable":true,"href":"https:\/\/www.northatlantic-islands.com\/da\/wp-json\/wp\/v2\/pages\/637"}],"wp:attachment":[{"href":"https:\/\/www.northatlantic-islands.com\/da\/wp-json\/wp\/v2\/media?parent=728"}],"curies":[{"name":"wp","href":"https:\/\/api.w.org\/{rel}","templated":true}]}}