{"id":637,"date":"2021-07-07T14:31:51","date_gmt":"2021-07-07T14:31:51","guid":{"rendered":"http:\/\/www.northatlantic-islands.com\/?page_id=637"},"modified":"2022-02-08T10:12:47","modified_gmt":"2022-02-08T10:12:47","slug":"ansoeg-nu","status":"publish","type":"page","link":"https:\/\/www.northatlantic-islands.com\/da\/ansoeg-nu\/","title":{"rendered":"Ans\u00f8g nu"},"content":{"rendered":"\n<div class=\"wp-block-cover alignfull\" style=\"min-height:600px;aspect-ratio:unset;\"><span aria-hidden=\"true\" class=\"wp-block-cover__gradient-background has-background-dim\"><\/span><img loading=\"lazy\" decoding=\"async\" width=\"1440\" height=\"850\" class=\"wp-block-cover__image-background wp-image-48\" alt=\"\" src=\"http:\/\/www.northatlantic-islands.com\/wp-content\/uploads\/2021\/06\/Asmundarstakkur-scale2-h_Luca-Renner_@lucarennerphotography-1.jpg\" style=\"object-position:76% 19%\" data-object-fit=\"cover\" data-object-position=\"76% 19%\" srcset=\"https:\/\/www.northatlantic-islands.com\/wp-content\/uploads\/2021\/06\/Asmundarstakkur-scale2-h_Luca-Renner_@lucarennerphotography-1.jpg 1440w, https:\/\/www.northatlantic-islands.com\/wp-content\/uploads\/2021\/06\/Asmundarstakkur-scale2-h_Luca-Renner_@lucarennerphotography-1-800x472.jpg 800w, https:\/\/www.northatlantic-islands.com\/wp-content\/uploads\/2021\/06\/Asmundarstakkur-scale2-h_Luca-Renner_@lucarennerphotography-1-768x453.jpg 768w, https:\/\/www.northatlantic-islands.com\/wp-content\/uploads\/2021\/06\/Asmundarstakkur-scale2-h_Luca-Renner_@lucarennerphotography-1-640x378.jpg 640w, https:\/\/www.northatlantic-islands.com\/wp-content\/uploads\/2021\/06\/Asmundarstakkur-scale2-h_Luca-Renner_@lucarennerphotography-1-1280x756.jpg 1280w\" sizes=\"auto, (max-width: 1440px) 100vw, 1440px\" \/><div class=\"wp-block-cover__inner-container is-layout-flow wp-block-cover-is-layout-flow\">\n<h2 class=\"has-text-align-center font-roboto wp-block-heading\" id=\"ansog-nu\">Ans\u00f8g nu<\/h2>\n<\/div><\/div>\n\n\n\n<div style=\"height:50px\" aria-hidden=\"true\" class=\"wp-block-spacer\"><\/div>\n\n\n\n<p>NATA yder st\u00f8tte til projekter, som afspejler vores mission om at fremme samarbejdet inden for turisme mellem Gr\u00f8nland, Island og F\u00e6r\u00f8erne. <\/p>\n\n\n\n<h3 class=\"wp-block-heading\" id=\"hvem-kan-ansoge\">Hvem kan ans\u00f8ge?<\/h3>\n\n\n\n<p>Alle i regionen kan s\u00f8ge om st\u00f8tte fra NATA &#8211; lige fra enkeltpersoner til organisationer og virksomheder. Vi giver st\u00f8tte inden for to omr\u00e5der:<\/p>\n\n\n\n<ul class=\"wp-block-list\"><li>Turismeudvikling og markedsf\u00f8ring<\/li><li>Rejsest\u00f8tte til skoler, sportsudflugter og kulturel udveksling<\/li><\/ul>\n\n\n\n<h3 class=\"wp-block-heading\" id=\"stotte-til-turismeudvikling-og-markedsforing\">St\u00f8tte til turismeudvikling og markedsf\u00f8ring<\/h3>\n\n\n\n<p>Hvis du har et projekt af denne type, som involverer et samarbejde mellem mindst to af de tre vestnordiske lande, kan du ans\u00f8ge om st\u00f8tte fra NATA.<\/p>\n\n\n\n<p>Vi er \u00e5bne for en bred vifte af projekter og ser gerne nyskabende og kreative id\u00e9er. Det kan v\u00e6re projekter inden for::<\/p>\n\n\n\n<ul class=\"wp-block-list\"><li>Markedsf\u00f8ringssamarbejde<\/li><li>Innovation og produktudvikling<\/li><li>Networking og videndeling<\/li><li>Kvalitets- og milj\u00f8sp\u00f8rgsm\u00e5l inden for turisme<\/li><\/ul>\n\n\n\n<p>Det maksimale tilskud til denne type projekter er DKK 100.000, og dette bel\u00f8b m\u00e5 ikke overstige 50% af projektets samlede finansiering. St\u00f8tten er ikke beregnet til l\u00f8nninger eller konsulenthonorarer.<\/p>\n\n\n\n<h3 class=\"wp-block-heading\" id=\"rejsestotte\">Rejsest\u00f8tte<\/h3>\n\n\n\n<p>Vi er altid indstillet p\u00e5 at fremme mulighederne for rejser og kulturel udveksling mellem de tre lande. Det kan dreje sig om f\u00f8lgende:<\/p>\n\n\n\n<ul class=\"wp-block-list\"><li>Skolegrupper<\/li><li>Sportsgrupper<\/li><li>Musikalske turneer og arrangementer<\/li><li>Andre former for kulturel udveksling<\/li><\/ul>\n\n\n\n<p>Det maksimale tilskud til denne type projekter er:<\/p>\n\n\n\n<ul class=\"wp-block-list\"><li>DKK 1.000 pr. person for rejser mellem Island og F\u00e6r\u00f8erne (tur\/retur)<\/li><li>DKK 2.000 pr. person for rejser mellem Island og Gr\u00f8nland (tur\/retur)<\/li><li>DKK 3.000 pr. person for rejser mellem F\u00e6r\u00f8erne og Gr\u00f8nland (tur\/retur)<\/li><\/ul>\n\n\n\n<p>Tilskuddet er udelukkende beregnet til rejseomkostninger &#8211; ikke logi eller leveomkostninger.<\/p>\n\n\n\n<h3 class=\"wp-block-heading\" id=\"ansogningsfrister\">Ans\u00f8gningsfrister<\/h3>\n\n\n\n<p>Der er to frister for ans\u00f8gning om st\u00f8tte&nbsp;hvert \u00e5r, og det er som regel i februar og september &#8211; hold \u00f8je med vores <a href=\"https:\/\/www.northatlantic-islands.com\/da\/nyheder\/\">Nyheder<\/a>&nbsp;for at f\u00e5 information om datoerne.<\/p>\n\n\n\n<p>Vores online ans\u00f8gningsformularer <a href=\"https:\/\/www.northatlantic-islands.com\/da\/ansoeg-nu\/formular-til-turismeudvikling-og-markedsfoering\/\">Formular til turismeudvikling og markedsf\u00f8ring<\/a> og <a href=\"https:\/\/www.northatlantic-islands.com\/da\/ansoeg-nu\/formular-til-rejsestoette\/\">Formular til rejsest\u00f8tte<\/a> er aktive hele \u00e5ret, undtagen i ugerne umiddelbart efter ans\u00f8gningsfristerne, mens de aktuelle ans\u00f8gninger bliver gennemg\u00e5et. Ans\u00f8gninger bliver dog blot behandlet to gange \u00e5rligt.<\/p>\n\n\n\n<p>Alle ans\u00f8gere f\u00e5r besked via e-mail om, hvorvidt deres ans\u00f8gning er blevet godkendt eller ej, hvilket normalt sker inden for to m\u00e5neder efter ans\u00f8gningsfristerne.<\/p>\n\n\n\n<h3 class=\"wp-block-heading\" id=\"ansog-nu\">Ans\u00f8g nu<\/h3>\n\n\n\n<p>Hvis du mener, at du har en id\u00e9 til et projekt eller en rejse, som kunne drage nytte af et tilskud fra NATA, kan du l\u00e6se mere om ans\u00f8gningsproceduren ved at l\u00e6se vores&nbsp;<a href=\"https:\/\/www.northatlantic-islands.com\/da\/nata-stoette\/ansoegningsguide\/\">Ans\u00f8gningsguide<\/a><\/p>\n\n\n\n<div class=\"wp-block-buttons is-layout-flex wp-block-buttons-is-layout-flex\">\n<div class=\"wp-block-button\"><a class=\"wp-block-button__link\" href=\"https:\/\/www.northatlantic-islands.com\/da\/ansoeg-nu\/formular-til-turismeudvikling-og-markedsfoering\/\" target=\"_blank\" rel=\"noreferrer noopener\">Ans\u00f8gningsformular for st\u00f8tte til turismeudvikling og markedsf\u00f8ring<\/a><\/div>\n\n\n\n<div class=\"wp-block-button\"><a class=\"wp-block-button__link\" href=\"https:\/\/www.northatlantic-islands.com\/da\/ansoeg-nu\/formular-til-rejsestoette\/\" target=\"_blank\" rel=\"noreferrer noopener\">Ans\u00f8gningsformular for rejsest\u00f8tte<\/a><\/div>\n<\/div>\n\n\n\n<div style=\"height:51px\" aria-hidden=\"true\" class=\"wp-block-spacer\"><\/div>\n","protected":false},"excerpt":{"rendered":"<p>NATA yder st\u00f8tte til projekter, som afspejler vores mission om at fremme samarbejdet inden for turisme mellem Gr\u00f8nland, Island og F\u00e6r\u00f8erne. Hvem kan ans\u00f8ge? Alle i regionen kan s\u00f8ge om st\u00f8tte fra NATA &#8211; lige fra enkeltpersoner til organisationer og virksomheder. Vi giver st\u00f8tte inden for to omr\u00e5der: Turismeudvikling og markedsf\u00f8ring Rejsest\u00f8tte til skoler, sportsudflugter [&hellip;]<\/p>\n","protected":false},"author":2,"featured_media":0,"parent":0,"menu_order":9,"comment_status":"closed","ping_status":"closed","template":"","meta":{"_acf_changed":false,"footnotes":""},"class_list":["post-637","page","type-page","status-publish","hentry"],"acf":[],"yoast_head":"<!-- This site is optimized with the Yoast SEO plugin v27.6 - https:\/\/yoast.com\/product\/yoast-seo-wordpress\/ -->\n<title>Ans\u00f8g nu - NATA North Atlantic Tourism Association<\/title>\n<meta name=\"description\" content=\"NATA yder st\u00f8tte til projekter som fremmer samarbejder inden for kultur og turisme mellem Gr\u00f8nland, Island og F\u00e6r\u00f8erne.\" \/>\n<meta name=\"robots\" content=\"index, follow, max-snippet:-1, max-image-preview:large, max-video-preview:-1\" \/>\n<link rel=\"canonical\" href=\"https:\/\/www.northatlantic-islands.com\/da\/ansoeg-nu\/\" \/>\n<meta property=\"og:locale\" content=\"da_DK\" \/>\n<meta property=\"og:type\" content=\"article\" \/>\n<meta property=\"og:title\" content=\"S\u00f8g st\u00f8tte fra NATA - North Atlantic Tourism Association\" \/>\n<meta property=\"og:description\" content=\"NATA yder st\u00f8tte til projekter som fremmer samarbejder inden for kultur og turisme mellem Gr\u00f8nland, Island og F\u00e6r\u00f8erne.\" \/>\n<meta property=\"og:url\" content=\"https:\/\/www.northatlantic-islands.com\/da\/ansoeg-nu\/\" \/>\n<meta property=\"og:site_name\" content=\"NATA\" \/>\n<meta property=\"article:modified_time\" content=\"2022-02-08T10:12:47+00:00\" \/>\n<meta property=\"og:image\" content=\"https:\/\/www.northatlantic-islands.com\/wp-content\/uploads\/2021\/06\/Asmundarstakkur-scale2-h_Luca-Renner_@lucarennerphotography-1.jpg\" \/>\n\t<meta property=\"og:image:width\" content=\"1440\" \/>\n\t<meta property=\"og:image:height\" content=\"850\" \/>\n\t<meta property=\"og:image:type\" content=\"image\/jpeg\" \/>\n<meta name=\"twitter:card\" content=\"summary_large_image\" \/>\n<meta name=\"twitter:title\" content=\"S\u00f8g st\u00f8tte fra NATA - North Atlantic Tourism Association\" \/>\n<meta name=\"twitter:description\" content=\"NATA yder st\u00f8tte til projekter som fremmer samarbejder inden for kultur og turisme mellem Gr\u00f8nland, Island og F\u00e6r\u00f8erne.\" \/>\n<meta name=\"twitter:image\" content=\"https:\/\/www.northatlantic-islands.com\/wp-content\/uploads\/2021\/06\/Asmundarstakkur-scale2-h_Luca-Renner_@lucarennerphotography-1.jpg\" \/>\n<meta name=\"twitter:label1\" content=\"Estimeret l\u00e6setid\" \/>\n\t<meta name=\"twitter:data1\" content=\"2 minutter\" \/>\n<script type=\"application\/ld+json\" class=\"yoast-schema-graph\">{\"@context\":\"https:\\\/\\\/schema.org\",\"@graph\":[{\"@type\":\"WebPage\",\"@id\":\"https:\\\/\\\/www.northatlantic-islands.com\\\/da\\\/ansoeg-nu\\\/\",\"url\":\"https:\\\/\\\/www.northatlantic-islands.com\\\/da\\\/ansoeg-nu\\\/\",\"name\":\"Ans\u00f8g nu - NATA North Atlantic Tourism Association\",\"isPartOf\":{\"@id\":\"https:\\\/\\\/www.northatlantic-islands.com\\\/da\\\/#website\"},\"primaryImageOfPage\":{\"@id\":\"https:\\\/\\\/www.northatlantic-islands.com\\\/da\\\/ansoeg-nu\\\/#primaryimage\"},\"image\":{\"@id\":\"https:\\\/\\\/www.northatlantic-islands.com\\\/da\\\/ansoeg-nu\\\/#primaryimage\"},\"thumbnailUrl\":\"http:\\\/\\\/www.northatlantic-islands.com\\\/wp-content\\\/uploads\\\/2021\\\/06\\\/Asmundarstakkur-scale2-h_Luca-Renner_@lucarennerphotography-1.jpg\",\"datePublished\":\"2021-07-07T14:31:51+00:00\",\"dateModified\":\"2022-02-08T10:12:47+00:00\",\"description\":\"NATA yder st\u00f8tte til projekter som fremmer samarbejder inden for kultur og turisme mellem Gr\u00f8nland, Island og F\u00e6r\u00f8erne.\",\"breadcrumb\":{\"@id\":\"https:\\\/\\\/www.northatlantic-islands.com\\\/da\\\/ansoeg-nu\\\/#breadcrumb\"},\"inLanguage\":\"da-DK\",\"potentialAction\":[{\"@type\":\"ReadAction\",\"target\":[\"https:\\\/\\\/www.northatlantic-islands.com\\\/da\\\/ansoeg-nu\\\/\"]}]},{\"@type\":\"ImageObject\",\"inLanguage\":\"da-DK\",\"@id\":\"https:\\\/\\\/www.northatlantic-islands.com\\\/da\\\/ansoeg-nu\\\/#primaryimage\",\"url\":\"http:\\\/\\\/www.northatlantic-islands.com\\\/wp-content\\\/uploads\\\/2021\\\/06\\\/Asmundarstakkur-scale2-h_Luca-Renner_@lucarennerphotography-1.jpg\",\"contentUrl\":\"http:\\\/\\\/www.northatlantic-islands.com\\\/wp-content\\\/uploads\\\/2021\\\/06\\\/Asmundarstakkur-scale2-h_Luca-Renner_@lucarennerphotography-1.jpg\"},{\"@type\":\"BreadcrumbList\",\"@id\":\"https:\\\/\\\/www.northatlantic-islands.com\\\/da\\\/ansoeg-nu\\\/#breadcrumb\",\"itemListElement\":[{\"@type\":\"ListItem\",\"position\":1,\"name\":\"Home\",\"item\":\"https:\\\/\\\/www.northatlantic-islands.com\\\/da\\\/\"},{\"@type\":\"ListItem\",\"position\":2,\"name\":\"Ans\u00f8g nu\"}]},{\"@type\":\"WebSite\",\"@id\":\"https:\\\/\\\/www.northatlantic-islands.com\\\/da\\\/#website\",\"url\":\"https:\\\/\\\/www.northatlantic-islands.com\\\/da\\\/\",\"name\":\"NATA\",\"description\":\"North Atlantic Tourism Association\",\"potentialAction\":[{\"@type\":\"SearchAction\",\"target\":{\"@type\":\"EntryPoint\",\"urlTemplate\":\"https:\\\/\\\/www.northatlantic-islands.com\\\/da\\\/?s={search_term_string}\"},\"query-input\":{\"@type\":\"PropertyValueSpecification\",\"valueRequired\":true,\"valueName\":\"search_term_string\"}}],\"inLanguage\":\"da-DK\"}]}<\/script>\n<!-- \/ Yoast SEO plugin. -->","yoast_head_json":{"title":"Ans\u00f8g nu - NATA North Atlantic Tourism Association","description":"NATA yder st\u00f8tte til projekter som fremmer samarbejder inden for kultur og turisme mellem Gr\u00f8nland, Island og F\u00e6r\u00f8erne.","robots":{"index":"index","follow":"follow","max-snippet":"max-snippet:-1","max-image-preview":"max-image-preview:large","max-video-preview":"max-video-preview:-1"},"canonical":"https:\/\/www.northatlantic-islands.com\/da\/ansoeg-nu\/","og_locale":"da_DK","og_type":"article","og_title":"S\u00f8g st\u00f8tte fra NATA - North Atlantic Tourism Association","og_description":"NATA yder st\u00f8tte til projekter som fremmer samarbejder inden for kultur og turisme mellem Gr\u00f8nland, Island og F\u00e6r\u00f8erne.","og_url":"https:\/\/www.northatlantic-islands.com\/da\/ansoeg-nu\/","og_site_name":"NATA","article_modified_time":"2022-02-08T10:12:47+00:00","og_image":[{"width":1440,"height":850,"url":"https:\/\/www.northatlantic-islands.com\/wp-content\/uploads\/2021\/06\/Asmundarstakkur-scale2-h_Luca-Renner_@lucarennerphotography-1.jpg","type":"image\/jpeg"}],"twitter_card":"summary_large_image","twitter_title":"S\u00f8g st\u00f8tte fra NATA - North Atlantic Tourism Association","twitter_description":"NATA yder st\u00f8tte til projekter som fremmer samarbejder inden for kultur og turisme mellem Gr\u00f8nland, Island og F\u00e6r\u00f8erne.","twitter_image":"https:\/\/www.northatlantic-islands.com\/wp-content\/uploads\/2021\/06\/Asmundarstakkur-scale2-h_Luca-Renner_@lucarennerphotography-1.jpg","twitter_misc":{"Estimeret l\u00e6setid":"2 minutter"},"schema":{"@context":"https:\/\/schema.org","@graph":[{"@type":"WebPage","@id":"https:\/\/www.northatlantic-islands.com\/da\/ansoeg-nu\/","url":"https:\/\/www.northatlantic-islands.com\/da\/ansoeg-nu\/","name":"Ans\u00f8g nu - NATA North Atlantic Tourism Association","isPartOf":{"@id":"https:\/\/www.northatlantic-islands.com\/da\/#website"},"primaryImageOfPage":{"@id":"https:\/\/www.northatlantic-islands.com\/da\/ansoeg-nu\/#primaryimage"},"image":{"@id":"https:\/\/www.northatlantic-islands.com\/da\/ansoeg-nu\/#primaryimage"},"thumbnailUrl":"http:\/\/www.northatlantic-islands.com\/wp-content\/uploads\/2021\/06\/Asmundarstakkur-scale2-h_Luca-Renner_@lucarennerphotography-1.jpg","datePublished":"2021-07-07T14:31:51+00:00","dateModified":"2022-02-08T10:12:47+00:00","description":"NATA yder st\u00f8tte til projekter som fremmer samarbejder inden for kultur og turisme mellem Gr\u00f8nland, Island og F\u00e6r\u00f8erne.","breadcrumb":{"@id":"https:\/\/www.northatlantic-islands.com\/da\/ansoeg-nu\/#breadcrumb"},"inLanguage":"da-DK","potentialAction":[{"@type":"ReadAction","target":["https:\/\/www.northatlantic-islands.com\/da\/ansoeg-nu\/"]}]},{"@type":"ImageObject","inLanguage":"da-DK","@id":"https:\/\/www.northatlantic-islands.com\/da\/ansoeg-nu\/#primaryimage","url":"http:\/\/www.northatlantic-islands.com\/wp-content\/uploads\/2021\/06\/Asmundarstakkur-scale2-h_Luca-Renner_@lucarennerphotography-1.jpg","contentUrl":"http:\/\/www.northatlantic-islands.com\/wp-content\/uploads\/2021\/06\/Asmundarstakkur-scale2-h_Luca-Renner_@lucarennerphotography-1.jpg"},{"@type":"BreadcrumbList","@id":"https:\/\/www.northatlantic-islands.com\/da\/ansoeg-nu\/#breadcrumb","itemListElement":[{"@type":"ListItem","position":1,"name":"Home","item":"https:\/\/www.northatlantic-islands.com\/da\/"},{"@type":"ListItem","position":2,"name":"Ans\u00f8g nu"}]},{"@type":"WebSite","@id":"https:\/\/www.northatlantic-islands.com\/da\/#website","url":"https:\/\/www.northatlantic-islands.com\/da\/","name":"NATA","description":"North Atlantic Tourism Association","potentialAction":[{"@type":"SearchAction","target":{"@type":"EntryPoint","urlTemplate":"https:\/\/www.northatlantic-islands.com\/da\/?s={search_term_string}"},"query-input":{"@type":"PropertyValueSpecification","valueRequired":true,"valueName":"search_term_string"}}],"inLanguage":"da-DK"}]}},"_links":{"self":[{"href":"https:\/\/www.northatlantic-islands.com\/da\/wp-json\/wp\/v2\/pages\/637","targetHints":{"allow":["GET"]}}],"collection":[{"href":"https:\/\/www.northatlantic-islands.com\/da\/wp-json\/wp\/v2\/pages"}],"about":[{"href":"https:\/\/www.northatlantic-islands.com\/da\/wp-json\/wp\/v2\/types\/page"}],"author":[{"embeddable":true,"href":"https:\/\/www.northatlantic-islands.com\/da\/wp-json\/wp\/v2\/users\/2"}],"replies":[{"embeddable":true,"href":"https:\/\/www.northatlantic-islands.com\/da\/wp-json\/wp\/v2\/comments?post=637"}],"version-history":[{"count":21,"href":"https:\/\/www.northatlantic-islands.com\/da\/wp-json\/wp\/v2\/pages\/637\/revisions"}],"predecessor-version":[{"id":1766,"href":"https:\/\/www.northatlantic-islands.com\/da\/wp-json\/wp\/v2\/pages\/637\/revisions\/1766"}],"wp:attachment":[{"href":"https:\/\/www.northatlantic-islands.com\/da\/wp-json\/wp\/v2\/media?parent=637"}],"curies":[{"name":"wp","href":"https:\/\/api.w.org\/{rel}","templated":true}]}}