{"id":1273,"date":"2021-07-20T15:06:41","date_gmt":"2021-07-20T15:06:41","guid":{"rendered":"https:\/\/www.northatlantic-islands.com\/?page_id=1273"},"modified":"2021-11-11T14:02:37","modified_gmt":"2021-11-11T14:02:37","slug":"kontakt-os","status":"publish","type":"page","link":"https:\/\/www.northatlantic-islands.com\/da\/om-nata\/kontakt-os\/","title":{"rendered":"Kontakt os"},"content":{"rendered":"\n<div class=\"wp-block-cover alignfull has-background-dim\"><img loading=\"lazy\" decoding=\"async\" width=\"1920\" height=\"2560\" class=\"wp-block-cover__image-background wp-image-1265\" alt=\"\" src=\"https:\/\/www.northatlantic-islands.com\/wp-content\/uploads\/2021\/07\/Mosi-og-annad-scaled.jpg\" style=\"object-position:36% 67%\" data-object-fit=\"cover\" data-object-position=\"36% 67%\" srcset=\"https:\/\/www.northatlantic-islands.com\/wp-content\/uploads\/2021\/07\/Mosi-og-annad-scaled.jpg 1920w, https:\/\/www.northatlantic-islands.com\/wp-content\/uploads\/2021\/07\/Mosi-og-annad-600x800.jpg 600w, https:\/\/www.northatlantic-islands.com\/wp-content\/uploads\/2021\/07\/Mosi-og-annad-1350x1800.jpg 1350w, https:\/\/www.northatlantic-islands.com\/wp-content\/uploads\/2021\/07\/Mosi-og-annad-768x1024.jpg 768w, https:\/\/www.northatlantic-islands.com\/wp-content\/uploads\/2021\/07\/Mosi-og-annad-1152x1536.jpg 1152w, https:\/\/www.northatlantic-islands.com\/wp-content\/uploads\/2021\/07\/Mosi-og-annad-1536x2048.jpg 1536w\" sizes=\"auto, (max-width: 1920px) 100vw, 1920px\" \/><div class=\"wp-block-cover__inner-container is-layout-flow wp-block-cover-is-layout-flow\">\n<h2 class=\"has-text-align-center wp-block-heading\">kontakt os<\/h2>\n<\/div><\/div>\n\n\n\n<div style=\"height:100px\" aria-hidden=\"true\" class=\"wp-block-spacer\"><\/div>\n\n\n\n\n<div id=\"board-block_60f6e6d8ca48e\" class=\"lunnar-board grid md:cols-2 lg:cols-3 gap-2\" x-data=\"board()\">\n\t\n                        \n<div class=\"person-card\">\n    <div class=\"card-image\">\n                    <img decoding=\"async\" src=\"https:\/\/www.northatlantic-islands.com\/wp-content\/uploads\/2021\/07\/Erla_sh-1800x1200.jpg\" alt=\"\" style=\"object-position: 50% 50%\">\n            <\/div>\n\n    <div class=\"card-content\">\n                    <div class=\"card-content--name\">Erla Weihe Johannesen<\/div>\n        \n                    <div class=\"card-content--title\">Koordinator og sekret\u00e6r<\/div>\n        \n                    <div class=\"card-content--work_place\">\n                <strong>Arbejdsplads: <\/strong>\n\n                NATA &#8211; North Atlantic Tourism Association            <\/div>\n        \n                    <div class=\"card-content--location\">\n                <strong>By\/land: <\/strong>\n\n                T\u00f3rshavn, Faroe Islands            <\/div>\n        \n        \n            <\/div>\n<\/div>            <\/div>\n\n\n\n<p>NATA &#8211; North Atlantic Tourism Associaton<br>Vestara Bryggja 15,1<br>100 T\u00f3rshavn<br>F\u00e6r\u00f8erne<\/p>\n\n\n\n<p>V-tal 579319<br>EAN5797100000935<br>(+298) 553303<br>nata@vinnuframi.fo<\/p>\n\n\n\n<div style=\"height:100px\" aria-hidden=\"true\" class=\"wp-block-spacer\"><\/div>\n","protected":false},"excerpt":{"rendered":"<p>NATA &#8211; North Atlantic Tourism AssociatonVestara Bryggja 15,1100 T\u00f3rshavnF\u00e6r\u00f8erne V-tal 579319EAN5797100000935(+298) 553303nata@vinnuframi.fo<\/p>\n","protected":false},"author":2,"featured_media":1266,"parent":685,"menu_order":28,"comment_status":"closed","ping_status":"closed","template":"","meta":{"_acf_changed":false,"footnotes":""},"class_list":["post-1273","page","type-page","status-publish","has-post-thumbnail","hentry"],"acf":[],"yoast_head":"<!-- This site is optimized with the Yoast SEO plugin v27.5 - https:\/\/yoast.com\/product\/yoast-seo-wordpress\/ -->\n<title>Kontakt os - NATA<\/title>\n<meta name=\"robots\" content=\"index, follow, max-snippet:-1, max-image-preview:large, max-video-preview:-1\" \/>\n<link rel=\"canonical\" href=\"https:\/\/www.northatlantic-islands.com\/da\/om-nata\/kontakt-os\/\" \/>\n<meta property=\"og:locale\" content=\"da_DK\" \/>\n<meta property=\"og:type\" content=\"article\" \/>\n<meta property=\"og:title\" content=\"Kontakt os - NATA\" \/>\n<meta property=\"og:description\" content=\"NATA &#8211; North Atlantic Tourism AssociatonVestara Bryggja 15,1100 T\u00f3rshavnF\u00e6r\u00f8erne V-tal 579319EAN5797100000935(+298) 553303nata@vinnuframi.fo\" \/>\n<meta property=\"og:url\" content=\"https:\/\/www.northatlantic-islands.com\/da\/om-nata\/kontakt-os\/\" \/>\n<meta property=\"og:site_name\" content=\"NATA\" \/>\n<meta property=\"article:modified_time\" content=\"2021-11-11T14:02:37+00:00\" \/>\n<meta property=\"og:image\" content=\"https:\/\/www.northatlantic-islands.com\/wp-content\/uploads\/2021\/07\/Mosi-og-annad-scaled.jpg\" \/>\n\t<meta property=\"og:image:width\" content=\"1920\" \/>\n\t<meta property=\"og:image:height\" content=\"2560\" \/>\n\t<meta property=\"og:image:type\" content=\"image\/jpeg\" \/>\n<meta name=\"twitter:card\" content=\"summary_large_image\" \/>\n<meta name=\"twitter:label1\" content=\"Estimeret l\u00e6setid\" \/>\n\t<meta name=\"twitter:data1\" content=\"1 minut\" \/>\n<script type=\"application\/ld+json\" class=\"yoast-schema-graph\">{\"@context\":\"https:\\\/\\\/schema.org\",\"@graph\":[{\"@type\":\"WebPage\",\"@id\":\"https:\\\/\\\/www.northatlantic-islands.com\\\/da\\\/om-nata\\\/kontakt-os\\\/\",\"url\":\"https:\\\/\\\/www.northatlantic-islands.com\\\/da\\\/om-nata\\\/kontakt-os\\\/\",\"name\":\"Kontakt os - NATA\",\"isPartOf\":{\"@id\":\"https:\\\/\\\/www.northatlantic-islands.com\\\/da\\\/#website\"},\"primaryImageOfPage\":{\"@id\":\"https:\\\/\\\/www.northatlantic-islands.com\\\/da\\\/om-nata\\\/kontakt-os\\\/#primaryimage\"},\"image\":{\"@id\":\"https:\\\/\\\/www.northatlantic-islands.com\\\/da\\\/om-nata\\\/kontakt-os\\\/#primaryimage\"},\"thumbnailUrl\":\"https:\\\/\\\/www.northatlantic-islands.com\\\/wp-content\\\/uploads\\\/2021\\\/07\\\/Mosi-og-annad-scaled.jpg\",\"datePublished\":\"2021-07-20T15:06:41+00:00\",\"dateModified\":\"2021-11-11T14:02:37+00:00\",\"breadcrumb\":{\"@id\":\"https:\\\/\\\/www.northatlantic-islands.com\\\/da\\\/om-nata\\\/kontakt-os\\\/#breadcrumb\"},\"inLanguage\":\"da-DK\",\"potentialAction\":[{\"@type\":\"ReadAction\",\"target\":[\"https:\\\/\\\/www.northatlantic-islands.com\\\/da\\\/om-nata\\\/kontakt-os\\\/\"]}]},{\"@type\":\"ImageObject\",\"inLanguage\":\"da-DK\",\"@id\":\"https:\\\/\\\/www.northatlantic-islands.com\\\/da\\\/om-nata\\\/kontakt-os\\\/#primaryimage\",\"url\":\"https:\\\/\\\/www.northatlantic-islands.com\\\/wp-content\\\/uploads\\\/2021\\\/07\\\/Mosi-og-annad-scaled.jpg\",\"contentUrl\":\"https:\\\/\\\/www.northatlantic-islands.com\\\/wp-content\\\/uploads\\\/2021\\\/07\\\/Mosi-og-annad-scaled.jpg\",\"width\":1920,\"height\":2560,\"caption\":\"Photo: Erla Weihe Johannesen - NATA\"},{\"@type\":\"BreadcrumbList\",\"@id\":\"https:\\\/\\\/www.northatlantic-islands.com\\\/da\\\/om-nata\\\/kontakt-os\\\/#breadcrumb\",\"itemListElement\":[{\"@type\":\"ListItem\",\"position\":1,\"name\":\"Home\",\"item\":\"https:\\\/\\\/www.northatlantic-islands.com\\\/da\\\/\"},{\"@type\":\"ListItem\",\"position\":2,\"name\":\"OM NATA\",\"item\":\"https:\\\/\\\/www.northatlantic-islands.com\\\/da\\\/om-nata\\\/\"},{\"@type\":\"ListItem\",\"position\":3,\"name\":\"Kontakt os\"}]},{\"@type\":\"WebSite\",\"@id\":\"https:\\\/\\\/www.northatlantic-islands.com\\\/da\\\/#website\",\"url\":\"https:\\\/\\\/www.northatlantic-islands.com\\\/da\\\/\",\"name\":\"NATA\",\"description\":\"North Atlantic Tourism Association\",\"potentialAction\":[{\"@type\":\"SearchAction\",\"target\":{\"@type\":\"EntryPoint\",\"urlTemplate\":\"https:\\\/\\\/www.northatlantic-islands.com\\\/da\\\/?s={search_term_string}\"},\"query-input\":{\"@type\":\"PropertyValueSpecification\",\"valueRequired\":true,\"valueName\":\"search_term_string\"}}],\"inLanguage\":\"da-DK\"}]}<\/script>\n<!-- \/ Yoast SEO plugin. -->","yoast_head_json":{"title":"Kontakt os - NATA","robots":{"index":"index","follow":"follow","max-snippet":"max-snippet:-1","max-image-preview":"max-image-preview:large","max-video-preview":"max-video-preview:-1"},"canonical":"https:\/\/www.northatlantic-islands.com\/da\/om-nata\/kontakt-os\/","og_locale":"da_DK","og_type":"article","og_title":"Kontakt os - NATA","og_description":"NATA &#8211; North Atlantic Tourism AssociatonVestara Bryggja 15,1100 T\u00f3rshavnF\u00e6r\u00f8erne V-tal 579319EAN5797100000935(+298) 553303nata@vinnuframi.fo","og_url":"https:\/\/www.northatlantic-islands.com\/da\/om-nata\/kontakt-os\/","og_site_name":"NATA","article_modified_time":"2021-11-11T14:02:37+00:00","og_image":[{"width":1920,"height":2560,"url":"https:\/\/www.northatlantic-islands.com\/wp-content\/uploads\/2021\/07\/Mosi-og-annad-scaled.jpg","type":"image\/jpeg"}],"twitter_card":"summary_large_image","twitter_misc":{"Estimeret l\u00e6setid":"1 minut"},"schema":{"@context":"https:\/\/schema.org","@graph":[{"@type":"WebPage","@id":"https:\/\/www.northatlantic-islands.com\/da\/om-nata\/kontakt-os\/","url":"https:\/\/www.northatlantic-islands.com\/da\/om-nata\/kontakt-os\/","name":"Kontakt os - NATA","isPartOf":{"@id":"https:\/\/www.northatlantic-islands.com\/da\/#website"},"primaryImageOfPage":{"@id":"https:\/\/www.northatlantic-islands.com\/da\/om-nata\/kontakt-os\/#primaryimage"},"image":{"@id":"https:\/\/www.northatlantic-islands.com\/da\/om-nata\/kontakt-os\/#primaryimage"},"thumbnailUrl":"https:\/\/www.northatlantic-islands.com\/wp-content\/uploads\/2021\/07\/Mosi-og-annad-scaled.jpg","datePublished":"2021-07-20T15:06:41+00:00","dateModified":"2021-11-11T14:02:37+00:00","breadcrumb":{"@id":"https:\/\/www.northatlantic-islands.com\/da\/om-nata\/kontakt-os\/#breadcrumb"},"inLanguage":"da-DK","potentialAction":[{"@type":"ReadAction","target":["https:\/\/www.northatlantic-islands.com\/da\/om-nata\/kontakt-os\/"]}]},{"@type":"ImageObject","inLanguage":"da-DK","@id":"https:\/\/www.northatlantic-islands.com\/da\/om-nata\/kontakt-os\/#primaryimage","url":"https:\/\/www.northatlantic-islands.com\/wp-content\/uploads\/2021\/07\/Mosi-og-annad-scaled.jpg","contentUrl":"https:\/\/www.northatlantic-islands.com\/wp-content\/uploads\/2021\/07\/Mosi-og-annad-scaled.jpg","width":1920,"height":2560,"caption":"Photo: Erla Weihe Johannesen - NATA"},{"@type":"BreadcrumbList","@id":"https:\/\/www.northatlantic-islands.com\/da\/om-nata\/kontakt-os\/#breadcrumb","itemListElement":[{"@type":"ListItem","position":1,"name":"Home","item":"https:\/\/www.northatlantic-islands.com\/da\/"},{"@type":"ListItem","position":2,"name":"OM NATA","item":"https:\/\/www.northatlantic-islands.com\/da\/om-nata\/"},{"@type":"ListItem","position":3,"name":"Kontakt os"}]},{"@type":"WebSite","@id":"https:\/\/www.northatlantic-islands.com\/da\/#website","url":"https:\/\/www.northatlantic-islands.com\/da\/","name":"NATA","description":"North Atlantic Tourism Association","potentialAction":[{"@type":"SearchAction","target":{"@type":"EntryPoint","urlTemplate":"https:\/\/www.northatlantic-islands.com\/da\/?s={search_term_string}"},"query-input":{"@type":"PropertyValueSpecification","valueRequired":true,"valueName":"search_term_string"}}],"inLanguage":"da-DK"}]}},"_links":{"self":[{"href":"https:\/\/www.northatlantic-islands.com\/da\/wp-json\/wp\/v2\/pages\/1273","targetHints":{"allow":["GET"]}}],"collection":[{"href":"https:\/\/www.northatlantic-islands.com\/da\/wp-json\/wp\/v2\/pages"}],"about":[{"href":"https:\/\/www.northatlantic-islands.com\/da\/wp-json\/wp\/v2\/types\/page"}],"author":[{"embeddable":true,"href":"https:\/\/www.northatlantic-islands.com\/da\/wp-json\/wp\/v2\/users\/2"}],"replies":[{"embeddable":true,"href":"https:\/\/www.northatlantic-islands.com\/da\/wp-json\/wp\/v2\/comments?post=1273"}],"version-history":[{"count":6,"href":"https:\/\/www.northatlantic-islands.com\/da\/wp-json\/wp\/v2\/pages\/1273\/revisions"}],"predecessor-version":[{"id":1699,"href":"https:\/\/www.northatlantic-islands.com\/da\/wp-json\/wp\/v2\/pages\/1273\/revisions\/1699"}],"up":[{"embeddable":true,"href":"https:\/\/www.northatlantic-islands.com\/da\/wp-json\/wp\/v2\/pages\/685"}],"wp:featuredmedia":[{"embeddable":true,"href":"https:\/\/www.northatlantic-islands.com\/da\/wp-json\/wp\/v2\/media\/1266"}],"wp:attachment":[{"href":"https:\/\/www.northatlantic-islands.com\/da\/wp-json\/wp\/v2\/media?parent=1273"}],"curies":[{"name":"wp","href":"https:\/\/api.w.org\/{rel}","templated":true}]}}