{"id":1115,"date":"2021-07-19T14:28:01","date_gmt":"2021-07-19T14:28:01","guid":{"rendered":"https:\/\/www.northatlantic-islands.com\/?page_id=1115"},"modified":"2022-02-21T10:18:26","modified_gmt":"2022-02-21T10:18:26","slug":"turismeudvikling-og-markedsfoering","status":"publish","type":"page","link":"https:\/\/www.northatlantic-islands.com\/da\/turismeudvikling-og-markedsfoering\/","title":{"rendered":"Turismeudvikling og markedsf\u00f8ring"},"content":{"rendered":"\n<div class=\"wp-block-cover alignfull is-light\"><span aria-hidden=\"true\" class=\"wp-block-cover__gradient-background has-background-dim\"><\/span><img loading=\"lazy\" decoding=\"async\" width=\"612\" height=\"340\" class=\"wp-block-cover__image-background wp-image-757\" alt=\"\" src=\"https:\/\/www.northatlantic-islands.com\/wp-content\/uploads\/2021\/06\/Rectangle-34.jpg\" data-object-fit=\"cover\"\/><div class=\"wp-block-cover__inner-container is-layout-flow wp-block-cover-is-layout-flow\">\n<h2 class=\"has-text-align-center wp-block-heading\" id=\"turismeudvikling-og-markedsforing\">Turismeudvikling og markedsf\u00f8ring<\/h2>\n<\/div><\/div>\n\n\n\n<div style=\"height:50px\" aria-hidden=\"true\" class=\"wp-block-spacer\"><\/div>\n\n\n\n<h3 class=\"wp-block-heading\" id=\"block-56acdfe0-8d7e-4d27-b6e1-d68453927f0a\">St\u00f8tte til turismeudvikling og markedsf\u00f8ring<\/h3>\n\n\n\n<p id=\"block-80f4f8b8-9f11-461e-a23e-476d0e7d4b6a\">Hvis du har et projekt af denne type, som involverer et samarbejde mellem mindst to af de tre vestnordiske lande, kan du ans\u00f8ge om st\u00f8tte fra NATA.<\/p>\n\n\n\n<p id=\"block-f1c00c31-445b-45bf-9220-ca7786c7497c\">Vi er \u00e5bne for en bred vifte af projekter og ser gerne nyskabende og kreative id\u00e9er. Det kan v\u00e6re id\u00e9er inden for:<\/p>\n\n\n\n<ul class=\"wp-block-list\" id=\"block-7499e050-67a2-4bd1-a438-057bc48c71bc\"><li>Markedsf\u00f8ringssamarbejde<\/li><li>Innovation og produktudvikling<\/li><li>Networking og videndeling<\/li><li>Kvalitets- og milj\u00f8sp\u00f8rgsm\u00e5l inden for turisme<\/li><\/ul>\n\n\n\n<p id=\"block-3e5460fb-f79d-4dbb-93a4-6d19ef568c4f\">Det maksimale tilskud til denne type projekter er DKK 100.000, og dette bel\u00f8b m\u00e5 ikke overstige 50% af projektets samlede finansiering. St\u00f8tten er ikke beregnet til l\u00f8nninger eller konsulenthonorarer.<\/p>\n\n\n\n<h3 class=\"wp-block-heading\" id=\"block-3a4b3bfa-5a37-40d3-822d-b9b48c9a73cc\">S\u00e5dan bed\u00f8mmes ans\u00f8gninger om st\u00f8tte til turismeudvikling og markedsf\u00f8ring<\/h3>\n\n\n\n<p id=\"block-ea439ca2-63ea-44a6-b14f-3e9273969199\">Disse ans\u00f8gninger bed\u00f8mmes p\u00e5 baggrund af f\u00f8lgende faktorer:<\/p>\n\n\n\n<ul class=\"wp-block-list\" id=\"block-3f46b2e8-f9b7-470d-9bdb-d0460f1ce03c\"><li>Id\u00e9en og ans\u00f8gningens kvalitet &#8211; s\u00f8rg for at udfylde formularen korrekt, da mangelfulde formularer ikke vil blive taget i betragtning<\/li><li>Budgetbehov og anden finansiering<\/li><li>Turismeudvikling<\/li><li>Partnerskab mellem landene<\/li><li>Markedsf\u00f8ringsmuligheder<\/li><li>Innovativ karakter<\/li><li>Samfunds- og b\u00e6redygtighedsaspekter<\/li><\/ul>\n\n\n\n<p id=\"block-2bf0b3bd-0fea-4596-878b-ecbf57138f0b\">Venligst l\u00e6s NATA-vurderingskriterierne n\u00f8je, inden du sender ans\u00f8gningen<\/p>\n\n\n\n<div class=\"wp-block-file\"><a id=\"wp-block-file--media-17426064-61eb-4aa3-bb34-118f36f6ee9a\" href=\"https:\/\/www.northatlantic-islands.com\/wp-content\/uploads\/2021\/07\/NATA-evaluation-criteria_new-edition_DK.pdf\" target=\"_blank\" rel=\"noreferrer noopener\">NATA-vurderingskriterier<\/a><a href=\"https:\/\/www.northatlantic-islands.com\/wp-content\/uploads\/2021\/07\/NATA-evaluation-criteria_new-edition_DK.pdf\" class=\"wp-block-file__button\" download aria-describedby=\"wp-block-file--media-17426064-61eb-4aa3-bb34-118f36f6ee9a\">Download<\/a><\/div>\n\n\n\n<p id=\"block-2bf0b3bd-0fea-4596-878b-ecbf57138f0b\"><\/p>\n\n\n\n<p id=\"block-2cde0b2f-936d-41f7-a0bc-619655527818\">Der er kun projekter, som involverer et samarbejde mellem mindst to af de tre vestnordiske lande: Gr\u00f8nland, Island og F\u00e6r\u00f8erne, der vil blive taget i betragtning til st\u00f8tte i denne kategori.<\/p>\n\n\n\n<h3 class=\"wp-block-heading\" id=\"block-b7ce9e3b-82f4-461c-8128-8765e933042b\">N\u00e5r dit projekt eller din rejse er gennemf\u00f8rt<\/h3>\n\n\n\n<p id=\"block-5ce40cdc-3235-4948-b08e-6370a29cddc8\">N\u00e5r du har gennemf\u00f8rt dit projekt, skal du sende en e-mail til NATA med:<\/p>\n\n\n\n<ul class=\"wp-block-list\" id=\"block-bcedbe68-ef74-42ea-a895-99ff200ca1ca\"><li>En kort projektrapport<\/li><li>Et regnskab<\/li><li>Dokumentation for dine udgifter<\/li><li>Konto oplysninger for, hvor rejsest\u00f8tten skal udbetales<\/li><\/ul>\n\n\n\n<div style=\"height:50px\" aria-hidden=\"true\" class=\"wp-block-spacer\"><\/div>\n","protected":false},"excerpt":{"rendered":"<p>St\u00f8tte til turismeudvikling og markedsf\u00f8ring Hvis du har et projekt af denne type, som involverer et samarbejde mellem mindst to af de tre vestnordiske lande, kan du ans\u00f8ge om st\u00f8tte fra NATA. Vi er \u00e5bne for en bred vifte af projekter og ser gerne nyskabende og kreative id\u00e9er. Det kan v\u00e6re id\u00e9er inden for: Markedsf\u00f8ringssamarbejde [&hellip;]<\/p>\n","protected":false},"author":2,"featured_media":757,"parent":0,"menu_order":6,"comment_status":"closed","ping_status":"closed","template":"","meta":{"_acf_changed":false,"footnotes":""},"class_list":["post-1115","page","type-page","status-publish","has-post-thumbnail","hentry"],"acf":[],"yoast_head":"<!-- This site is optimized with the Yoast SEO plugin v27.5 - https:\/\/yoast.com\/product\/yoast-seo-wordpress\/ -->\n<title>Turismeudvikling og markedsf\u00f8ring NATA\/North Atlantic Tourism Association<\/title>\n<meta name=\"description\" content=\"Nata yder st\u00f8tte til Markedsf\u00f8ringssamarbejde, innovation, produktudvikling, videndeling, kvalitets og milj\u00f8sp\u00f8rgsm\u00e5l inden for turisme.\" \/>\n<meta name=\"robots\" content=\"index, follow, max-snippet:-1, max-image-preview:large, max-video-preview:-1\" \/>\n<link rel=\"canonical\" href=\"https:\/\/www.northatlantic-islands.com\/da\/turismeudvikling-og-markedsfoering\/\" \/>\n<meta property=\"og:locale\" content=\"da_DK\" \/>\n<meta property=\"og:type\" content=\"article\" \/>\n<meta property=\"og:title\" content=\"St\u00f8tte til turismeudvikling og markedsf\u00f8ring\" \/>\n<meta property=\"og:description\" content=\"Nata yder st\u00f8tte til Markedsf\u00f8ringssamarbejde, innovation, produktudvikling, videndeling, kvalitets og milj\u00f8sp\u00f8rgsm\u00e5l inden for turisme.\" \/>\n<meta property=\"og:url\" content=\"https:\/\/www.northatlantic-islands.com\/da\/turismeudvikling-og-markedsfoering\/\" \/>\n<meta property=\"og:site_name\" content=\"NATA\" \/>\n<meta property=\"article:modified_time\" content=\"2022-02-21T10:18:26+00:00\" \/>\n<meta property=\"og:image\" content=\"https:\/\/www.northatlantic-islands.com\/wp-content\/uploads\/2021\/06\/Rectangle-34.jpg\" \/>\n\t<meta property=\"og:image:width\" content=\"612\" \/>\n\t<meta property=\"og:image:height\" content=\"340\" \/>\n\t<meta property=\"og:image:type\" content=\"image\/jpeg\" \/>\n<meta name=\"twitter:card\" content=\"summary_large_image\" \/>\n<meta name=\"twitter:title\" content=\"St\u00f8tte til turismeudvikling og markedsf\u00f8ring\" \/>\n<meta name=\"twitter:description\" content=\"Nata yder st\u00f8tte til Markedsf\u00f8ringssamarbejde, innovation, produktudvikling, videndeling, kvalitets og milj\u00f8sp\u00f8rgsm\u00e5l inden for turisme.\" \/>\n<meta name=\"twitter:image\" content=\"https:\/\/www.northatlantic-islands.com\/wp-content\/uploads\/2021\/06\/Rectangle-34.jpg\" \/>\n<meta name=\"twitter:label1\" content=\"Estimeret l\u00e6setid\" \/>\n\t<meta name=\"twitter:data1\" content=\"2 minutter\" \/>\n<script type=\"application\/ld+json\" class=\"yoast-schema-graph\">{\"@context\":\"https:\\\/\\\/schema.org\",\"@graph\":[{\"@type\":\"WebPage\",\"@id\":\"https:\\\/\\\/www.northatlantic-islands.com\\\/da\\\/turismeudvikling-og-markedsfoering\\\/\",\"url\":\"https:\\\/\\\/www.northatlantic-islands.com\\\/da\\\/turismeudvikling-og-markedsfoering\\\/\",\"name\":\"Turismeudvikling og markedsf\u00f8ring NATA\\\/North Atlantic Tourism Association\",\"isPartOf\":{\"@id\":\"https:\\\/\\\/www.northatlantic-islands.com\\\/da\\\/#website\"},\"primaryImageOfPage\":{\"@id\":\"https:\\\/\\\/www.northatlantic-islands.com\\\/da\\\/turismeudvikling-og-markedsfoering\\\/#primaryimage\"},\"image\":{\"@id\":\"https:\\\/\\\/www.northatlantic-islands.com\\\/da\\\/turismeudvikling-og-markedsfoering\\\/#primaryimage\"},\"thumbnailUrl\":\"https:\\\/\\\/www.northatlantic-islands.com\\\/wp-content\\\/uploads\\\/2021\\\/06\\\/Rectangle-34.jpg\",\"datePublished\":\"2021-07-19T14:28:01+00:00\",\"dateModified\":\"2022-02-21T10:18:26+00:00\",\"description\":\"Nata yder st\u00f8tte til Markedsf\u00f8ringssamarbejde, innovation, produktudvikling, videndeling, kvalitets og milj\u00f8sp\u00f8rgsm\u00e5l inden for turisme.\",\"breadcrumb\":{\"@id\":\"https:\\\/\\\/www.northatlantic-islands.com\\\/da\\\/turismeudvikling-og-markedsfoering\\\/#breadcrumb\"},\"inLanguage\":\"da-DK\",\"potentialAction\":[{\"@type\":\"ReadAction\",\"target\":[\"https:\\\/\\\/www.northatlantic-islands.com\\\/da\\\/turismeudvikling-og-markedsfoering\\\/\"]}]},{\"@type\":\"ImageObject\",\"inLanguage\":\"da-DK\",\"@id\":\"https:\\\/\\\/www.northatlantic-islands.com\\\/da\\\/turismeudvikling-og-markedsfoering\\\/#primaryimage\",\"url\":\"https:\\\/\\\/www.northatlantic-islands.com\\\/wp-content\\\/uploads\\\/2021\\\/06\\\/Rectangle-34.jpg\",\"contentUrl\":\"https:\\\/\\\/www.northatlantic-islands.com\\\/wp-content\\\/uploads\\\/2021\\\/06\\\/Rectangle-34.jpg\",\"width\":612,\"height\":340,\"caption\":\"Photo: Aningaaq R. Carlsen - Visit Greenland\"},{\"@type\":\"BreadcrumbList\",\"@id\":\"https:\\\/\\\/www.northatlantic-islands.com\\\/da\\\/turismeudvikling-og-markedsfoering\\\/#breadcrumb\",\"itemListElement\":[{\"@type\":\"ListItem\",\"position\":1,\"name\":\"Home\",\"item\":\"https:\\\/\\\/www.northatlantic-islands.com\\\/da\\\/\"},{\"@type\":\"ListItem\",\"position\":2,\"name\":\"Turismeudvikling og markedsf\u00f8ring\"}]},{\"@type\":\"WebSite\",\"@id\":\"https:\\\/\\\/www.northatlantic-islands.com\\\/da\\\/#website\",\"url\":\"https:\\\/\\\/www.northatlantic-islands.com\\\/da\\\/\",\"name\":\"NATA\",\"description\":\"North Atlantic Tourism Association\",\"potentialAction\":[{\"@type\":\"SearchAction\",\"target\":{\"@type\":\"EntryPoint\",\"urlTemplate\":\"https:\\\/\\\/www.northatlantic-islands.com\\\/da\\\/?s={search_term_string}\"},\"query-input\":{\"@type\":\"PropertyValueSpecification\",\"valueRequired\":true,\"valueName\":\"search_term_string\"}}],\"inLanguage\":\"da-DK\"}]}<\/script>\n<!-- \/ Yoast SEO plugin. -->","yoast_head_json":{"title":"Turismeudvikling og markedsf\u00f8ring NATA\/North Atlantic Tourism Association","description":"Nata yder st\u00f8tte til Markedsf\u00f8ringssamarbejde, innovation, produktudvikling, videndeling, kvalitets og milj\u00f8sp\u00f8rgsm\u00e5l inden for turisme.","robots":{"index":"index","follow":"follow","max-snippet":"max-snippet:-1","max-image-preview":"max-image-preview:large","max-video-preview":"max-video-preview:-1"},"canonical":"https:\/\/www.northatlantic-islands.com\/da\/turismeudvikling-og-markedsfoering\/","og_locale":"da_DK","og_type":"article","og_title":"St\u00f8tte til turismeudvikling og markedsf\u00f8ring","og_description":"Nata yder st\u00f8tte til Markedsf\u00f8ringssamarbejde, innovation, produktudvikling, videndeling, kvalitets og milj\u00f8sp\u00f8rgsm\u00e5l inden for turisme.","og_url":"https:\/\/www.northatlantic-islands.com\/da\/turismeudvikling-og-markedsfoering\/","og_site_name":"NATA","article_modified_time":"2022-02-21T10:18:26+00:00","og_image":[{"width":612,"height":340,"url":"https:\/\/www.northatlantic-islands.com\/wp-content\/uploads\/2021\/06\/Rectangle-34.jpg","type":"image\/jpeg"}],"twitter_card":"summary_large_image","twitter_title":"St\u00f8tte til turismeudvikling og markedsf\u00f8ring","twitter_description":"Nata yder st\u00f8tte til Markedsf\u00f8ringssamarbejde, innovation, produktudvikling, videndeling, kvalitets og milj\u00f8sp\u00f8rgsm\u00e5l inden for turisme.","twitter_image":"https:\/\/www.northatlantic-islands.com\/wp-content\/uploads\/2021\/06\/Rectangle-34.jpg","twitter_misc":{"Estimeret l\u00e6setid":"2 minutter"},"schema":{"@context":"https:\/\/schema.org","@graph":[{"@type":"WebPage","@id":"https:\/\/www.northatlantic-islands.com\/da\/turismeudvikling-og-markedsfoering\/","url":"https:\/\/www.northatlantic-islands.com\/da\/turismeudvikling-og-markedsfoering\/","name":"Turismeudvikling og markedsf\u00f8ring NATA\/North Atlantic Tourism Association","isPartOf":{"@id":"https:\/\/www.northatlantic-islands.com\/da\/#website"},"primaryImageOfPage":{"@id":"https:\/\/www.northatlantic-islands.com\/da\/turismeudvikling-og-markedsfoering\/#primaryimage"},"image":{"@id":"https:\/\/www.northatlantic-islands.com\/da\/turismeudvikling-og-markedsfoering\/#primaryimage"},"thumbnailUrl":"https:\/\/www.northatlantic-islands.com\/wp-content\/uploads\/2021\/06\/Rectangle-34.jpg","datePublished":"2021-07-19T14:28:01+00:00","dateModified":"2022-02-21T10:18:26+00:00","description":"Nata yder st\u00f8tte til Markedsf\u00f8ringssamarbejde, innovation, produktudvikling, videndeling, kvalitets og milj\u00f8sp\u00f8rgsm\u00e5l inden for turisme.","breadcrumb":{"@id":"https:\/\/www.northatlantic-islands.com\/da\/turismeudvikling-og-markedsfoering\/#breadcrumb"},"inLanguage":"da-DK","potentialAction":[{"@type":"ReadAction","target":["https:\/\/www.northatlantic-islands.com\/da\/turismeudvikling-og-markedsfoering\/"]}]},{"@type":"ImageObject","inLanguage":"da-DK","@id":"https:\/\/www.northatlantic-islands.com\/da\/turismeudvikling-og-markedsfoering\/#primaryimage","url":"https:\/\/www.northatlantic-islands.com\/wp-content\/uploads\/2021\/06\/Rectangle-34.jpg","contentUrl":"https:\/\/www.northatlantic-islands.com\/wp-content\/uploads\/2021\/06\/Rectangle-34.jpg","width":612,"height":340,"caption":"Photo: Aningaaq R. Carlsen - Visit Greenland"},{"@type":"BreadcrumbList","@id":"https:\/\/www.northatlantic-islands.com\/da\/turismeudvikling-og-markedsfoering\/#breadcrumb","itemListElement":[{"@type":"ListItem","position":1,"name":"Home","item":"https:\/\/www.northatlantic-islands.com\/da\/"},{"@type":"ListItem","position":2,"name":"Turismeudvikling og markedsf\u00f8ring"}]},{"@type":"WebSite","@id":"https:\/\/www.northatlantic-islands.com\/da\/#website","url":"https:\/\/www.northatlantic-islands.com\/da\/","name":"NATA","description":"North Atlantic Tourism Association","potentialAction":[{"@type":"SearchAction","target":{"@type":"EntryPoint","urlTemplate":"https:\/\/www.northatlantic-islands.com\/da\/?s={search_term_string}"},"query-input":{"@type":"PropertyValueSpecification","valueRequired":true,"valueName":"search_term_string"}}],"inLanguage":"da-DK"}]}},"_links":{"self":[{"href":"https:\/\/www.northatlantic-islands.com\/da\/wp-json\/wp\/v2\/pages\/1115","targetHints":{"allow":["GET"]}}],"collection":[{"href":"https:\/\/www.northatlantic-islands.com\/da\/wp-json\/wp\/v2\/pages"}],"about":[{"href":"https:\/\/www.northatlantic-islands.com\/da\/wp-json\/wp\/v2\/types\/page"}],"author":[{"embeddable":true,"href":"https:\/\/www.northatlantic-islands.com\/da\/wp-json\/wp\/v2\/users\/2"}],"replies":[{"embeddable":true,"href":"https:\/\/www.northatlantic-islands.com\/da\/wp-json\/wp\/v2\/comments?post=1115"}],"version-history":[{"count":9,"href":"https:\/\/www.northatlantic-islands.com\/da\/wp-json\/wp\/v2\/pages\/1115\/revisions"}],"predecessor-version":[{"id":1825,"href":"https:\/\/www.northatlantic-islands.com\/da\/wp-json\/wp\/v2\/pages\/1115\/revisions\/1825"}],"wp:featuredmedia":[{"embeddable":true,"href":"https:\/\/www.northatlantic-islands.com\/da\/wp-json\/wp\/v2\/media\/757"}],"wp:attachment":[{"href":"https:\/\/www.northatlantic-islands.com\/da\/wp-json\/wp\/v2\/media?parent=1115"}],"curies":[{"name":"wp","href":"https:\/\/api.w.org\/{rel}","templated":true}]}}