{"id":1108,"date":"2021-07-19T14:09:03","date_gmt":"2021-07-19T14:09:03","guid":{"rendered":"https:\/\/www.northatlantic-islands.com\/?page_id=1108"},"modified":"2021-10-25T08:44:44","modified_gmt":"2021-10-25T08:44:44","slug":"rejsestoette-fra-nata","status":"publish","type":"page","link":"https:\/\/www.northatlantic-islands.com\/da\/rejsestoette-fra-nata\/","title":{"rendered":"Rejsest\u00f8tte"},"content":{"rendered":"\n<div class=\"wp-block-cover alignfull has-background-dim\"><img loading=\"lazy\" decoding=\"async\" width=\"2560\" height=\"1709\" class=\"wp-block-cover__image-background wp-image-798\" alt=\"\" src=\"https:\/\/www.northatlantic-islands.com\/wp-content\/uploads\/2021\/07\/People-in-Nuuk-during-video-shoot.-Photo-Filip-Gielda-Visit-Greenland-5-scaled.jpg\" style=\"object-position:64% 23%\" data-object-fit=\"cover\" data-object-position=\"64% 23%\" srcset=\"https:\/\/www.northatlantic-islands.com\/wp-content\/uploads\/2021\/07\/People-in-Nuuk-during-video-shoot.-Photo-Filip-Gielda-Visit-Greenland-5-scaled.jpg 2560w, https:\/\/www.northatlantic-islands.com\/wp-content\/uploads\/2021\/07\/People-in-Nuuk-during-video-shoot.-Photo-Filip-Gielda-Visit-Greenland-5-640x427.jpg 640w, https:\/\/www.northatlantic-islands.com\/wp-content\/uploads\/2021\/07\/People-in-Nuuk-during-video-shoot.-Photo-Filip-Gielda-Visit-Greenland-5-1280x854.jpg 1280w, https:\/\/www.northatlantic-islands.com\/wp-content\/uploads\/2021\/07\/People-in-Nuuk-during-video-shoot.-Photo-Filip-Gielda-Visit-Greenland-5-768x513.jpg 768w, https:\/\/www.northatlantic-islands.com\/wp-content\/uploads\/2021\/07\/People-in-Nuuk-during-video-shoot.-Photo-Filip-Gielda-Visit-Greenland-5-1536x1025.jpg 1536w, https:\/\/www.northatlantic-islands.com\/wp-content\/uploads\/2021\/07\/People-in-Nuuk-during-video-shoot.-Photo-Filip-Gielda-Visit-Greenland-5-2048x1367.jpg 2048w\" sizes=\"auto, (max-width: 2560px) 100vw, 2560px\" \/><div class=\"wp-block-cover__inner-container is-layout-flow wp-block-cover-is-layout-flow\">\n<h2 class=\"has-text-align-center wp-block-heading\">Rejsest\u00f8tte<\/h2>\n<\/div><\/div>\n\n\n\n<h3 class=\"wp-block-heading\" id=\"block-0ac36feb-9c12-4d75-ad1c-bde0211044d1\">Rejsest\u00f8tte<\/h3>\n\n\n\n<p id=\"block-4db85652-c769-4dc2-82d2-b3b151fe8ede\">Vi er altid instillet p\u00e5 at fremme mulighederne for rejser og kulturel udveksling mellem de tre lande. Det kan dreje sig om f\u00f8lgende:<\/p>\n\n\n\n<ul class=\"wp-block-list\" id=\"block-3150da54-c6f0-4ff0-9330-528ee9d0bd8d\"><li>Skolegrupper<\/li><li>Sportsgrupper<\/li><li>Musikalske turneer og arrangementer<\/li><li>Andre former for kulturel udveksling<\/li><\/ul>\n\n\n\n<p id=\"block-a5071f90-7ec5-46c6-8550-a9c74d783b03\">Den maksimale rejsest\u00f8tte, som NATA yder, er:<\/p>\n\n\n\n<ul class=\"wp-block-list\" id=\"block-ba334132-5046-4f71-ab26-0b4eba6c612d\"><li>DKK 1.000 pr. person for rejser mellem Island og F\u00e6r\u00f8erne (tur\/retur)<\/li><li>DKK 2.000 pr. person for rejser mellem Island og Gr\u00f8nland (tur\/retur)<\/li><li>DKK 3000 pr. person for rejser mellem F\u00e6r\u00f8erne og Gr\u00f8nland (tur\/retur)<\/li><\/ul>\n\n\n\n<p id=\"block-8136a990-70ad-4e57-a7fb-d93454dc589c\">Tilskuddet er udelukkende beregnet til rejseomkostninger &#8211; ikke logi eller leveomkostninger.<\/p>\n\n\n\n<h3 class=\"wp-block-heading\" id=\"block-30cc7ad1-af66-4aee-8f5b-3e035f4ccde0\">S\u00e5dan bed\u00f8mmes ans\u00f8gninger om rejsest\u00f8tte<\/h3>\n\n\n\n<p id=\"block-6a67e8c0-c7b1-4077-affb-1818812bfc9a\">Vi bed\u00f8mmer ans\u00f8gninger om rejsest\u00f8tte p\u00e5 baggrund af f\u00f8lgende faktorer:<\/p>\n\n\n\n<ul class=\"wp-block-list\" id=\"block-5454fe50-182b-457b-8289-dd69373ab51e\"><li>Form\u00e5let med rejsen<\/li><li>Ans\u00f8gningens kvalitet &#8211; s\u00f8rg for at udfylde formularen korrekt, da mangelfulde formularer ikke vil blive taget i betragtning<\/li><li>At der l\u00e6gges v\u00e6gt p\u00e5 kulturel interaktion, fx ophold hos lokale familier i stedet for at bo p\u00e5 hotel<\/li><li>Budgetbehov og anden finansiering<\/li><\/ul>\n\n\n\n<h3 class=\"wp-block-heading\" id=\"block-a20edbe1-2455-408b-83ad-a9a8e900c70a\">N\u00e5r rejsen er gennemf\u00f8rt<\/h3>\n\n\n\n<p id=\"block-25badfc0-7b1f-437d-9085-7aba87a88210\">Du skal sende dokumentation for:<\/p>\n\n\n\n<ul class=\"wp-block-list\" id=\"block-b794cf6b-4020-42b7-83e1-8c87862c3fdb\"><li>Dine rejseomkostninger<\/li><li>Dine konto oplysninger for, hvor rejsest\u00f8tten skal udbetales<\/li><\/ul>\n","protected":false},"excerpt":{"rendered":"<p>Rejsest\u00f8tte Vi er altid instillet p\u00e5 at fremme mulighederne for rejser og kulturel udveksling mellem de tre lande. Det kan dreje sig om f\u00f8lgende: Skolegrupper Sportsgrupper Musikalske turneer og arrangementer Andre former for kulturel udveksling Den maksimale rejsest\u00f8tte, som NATA yder, er: DKK 1.000 pr. person for rejser mellem Island og F\u00e6r\u00f8erne (tur\/retur) DKK 2.000 [&hellip;]<\/p>\n","protected":false},"author":2,"featured_media":798,"parent":0,"menu_order":7,"comment_status":"closed","ping_status":"closed","template":"","meta":{"_acf_changed":false,"footnotes":""},"class_list":["post-1108","page","type-page","status-publish","has-post-thumbnail","hentry"],"acf":[],"yoast_head":"<!-- This site is optimized with the Yoast SEO plugin v27.4 - https:\/\/yoast.com\/product\/yoast-seo-wordpress\/ -->\n<title>Rejsest\u00f8tte - NATA North Atlantic Tourism Association<\/title>\n<meta name=\"description\" content=\"S\u00f8g rejsest\u00f8tte fra NATA til skolegrupper, sportsgrupper, Musikalske arrangementer og andre former for kulturel udveksling.\" \/>\n<meta name=\"robots\" content=\"index, follow, max-snippet:-1, max-image-preview:large, max-video-preview:-1\" \/>\n<link rel=\"canonical\" href=\"https:\/\/www.northatlantic-islands.com\/da\/rejsestoette-fra-nata\/\" \/>\n<meta property=\"og:locale\" content=\"da_DK\" \/>\n<meta property=\"og:type\" content=\"article\" \/>\n<meta property=\"og:title\" content=\"S\u00f8g rejsest\u00f8tte fra NATA - North Atlantic Tourism Association\" \/>\n<meta property=\"og:description\" content=\"S\u00f8g rejsest\u00f8tte fra NATA til skolegrupper, sportsgrupper, Musikalske arrangementer og andre former for kulturel udveksling.\" \/>\n<meta property=\"og:url\" content=\"https:\/\/www.northatlantic-islands.com\/da\/rejsestoette-fra-nata\/\" \/>\n<meta property=\"og:site_name\" content=\"NATA\" \/>\n<meta property=\"article:modified_time\" content=\"2021-10-25T08:44:44+00:00\" \/>\n<meta property=\"og:image\" content=\"https:\/\/www.northatlantic-islands.com\/wp-content\/uploads\/2021\/06\/Rectangle-34.jpg\" \/>\n\t<meta property=\"og:image:width\" content=\"612\" \/>\n\t<meta property=\"og:image:height\" content=\"340\" \/>\n\t<meta property=\"og:image:type\" content=\"image\/jpeg\" \/>\n<meta name=\"twitter:card\" content=\"summary_large_image\" \/>\n<meta name=\"twitter:title\" content=\"S\u00f8g rejsest\u00f8tte fra NATA - North Atlantic Tourism Association\" \/>\n<meta name=\"twitter:description\" content=\"S\u00f8g rejsest\u00f8tte fra NATA til skolegrupper, sportsgrupper, Musikalske arrangementer og andre former for kulturel udveksling.\" \/>\n<meta name=\"twitter:image\" content=\"https:\/\/www.northatlantic-islands.com\/wp-content\/uploads\/2021\/06\/Rectangle-34.jpg\" \/>\n<meta name=\"twitter:label1\" content=\"Estimeret l\u00e6setid\" \/>\n\t<meta name=\"twitter:data1\" content=\"1 minut\" \/>\n<script type=\"application\/ld+json\" class=\"yoast-schema-graph\">{\"@context\":\"https:\\\/\\\/schema.org\",\"@graph\":[{\"@type\":\"WebPage\",\"@id\":\"https:\\\/\\\/www.northatlantic-islands.com\\\/da\\\/rejsestoette-fra-nata\\\/\",\"url\":\"https:\\\/\\\/www.northatlantic-islands.com\\\/da\\\/rejsestoette-fra-nata\\\/\",\"name\":\"Rejsest\u00f8tte - NATA North Atlantic Tourism Association\",\"isPartOf\":{\"@id\":\"https:\\\/\\\/www.northatlantic-islands.com\\\/da\\\/#website\"},\"primaryImageOfPage\":{\"@id\":\"https:\\\/\\\/www.northatlantic-islands.com\\\/da\\\/rejsestoette-fra-nata\\\/#primaryimage\"},\"image\":{\"@id\":\"https:\\\/\\\/www.northatlantic-islands.com\\\/da\\\/rejsestoette-fra-nata\\\/#primaryimage\"},\"thumbnailUrl\":\"https:\\\/\\\/www.northatlantic-islands.com\\\/wp-content\\\/uploads\\\/2021\\\/07\\\/People-in-Nuuk-during-video-shoot.-Photo-Filip-Gielda-Visit-Greenland-5-scaled.jpg\",\"datePublished\":\"2021-07-19T14:09:03+00:00\",\"dateModified\":\"2021-10-25T08:44:44+00:00\",\"description\":\"S\u00f8g rejsest\u00f8tte fra NATA til skolegrupper, sportsgrupper, Musikalske arrangementer og andre former for kulturel udveksling.\",\"breadcrumb\":{\"@id\":\"https:\\\/\\\/www.northatlantic-islands.com\\\/da\\\/rejsestoette-fra-nata\\\/#breadcrumb\"},\"inLanguage\":\"da-DK\",\"potentialAction\":[{\"@type\":\"ReadAction\",\"target\":[\"https:\\\/\\\/www.northatlantic-islands.com\\\/da\\\/rejsestoette-fra-nata\\\/\"]}]},{\"@type\":\"ImageObject\",\"inLanguage\":\"da-DK\",\"@id\":\"https:\\\/\\\/www.northatlantic-islands.com\\\/da\\\/rejsestoette-fra-nata\\\/#primaryimage\",\"url\":\"https:\\\/\\\/www.northatlantic-islands.com\\\/wp-content\\\/uploads\\\/2021\\\/07\\\/People-in-Nuuk-during-video-shoot.-Photo-Filip-Gielda-Visit-Greenland-5-scaled.jpg\",\"contentUrl\":\"https:\\\/\\\/www.northatlantic-islands.com\\\/wp-content\\\/uploads\\\/2021\\\/07\\\/People-in-Nuuk-during-video-shoot.-Photo-Filip-Gielda-Visit-Greenland-5-scaled.jpg\",\"width\":2560,\"height\":1709,\"caption\":\"Photo: Filip Gielda - Visit Greenland\"},{\"@type\":\"BreadcrumbList\",\"@id\":\"https:\\\/\\\/www.northatlantic-islands.com\\\/da\\\/rejsestoette-fra-nata\\\/#breadcrumb\",\"itemListElement\":[{\"@type\":\"ListItem\",\"position\":1,\"name\":\"Home\",\"item\":\"https:\\\/\\\/www.northatlantic-islands.com\\\/da\\\/\"},{\"@type\":\"ListItem\",\"position\":2,\"name\":\"Rejsest\u00f8tte\"}]},{\"@type\":\"WebSite\",\"@id\":\"https:\\\/\\\/www.northatlantic-islands.com\\\/da\\\/#website\",\"url\":\"https:\\\/\\\/www.northatlantic-islands.com\\\/da\\\/\",\"name\":\"NATA\",\"description\":\"North Atlantic Tourism Association\",\"potentialAction\":[{\"@type\":\"SearchAction\",\"target\":{\"@type\":\"EntryPoint\",\"urlTemplate\":\"https:\\\/\\\/www.northatlantic-islands.com\\\/da\\\/?s={search_term_string}\"},\"query-input\":{\"@type\":\"PropertyValueSpecification\",\"valueRequired\":true,\"valueName\":\"search_term_string\"}}],\"inLanguage\":\"da-DK\"}]}<\/script>\n<!-- \/ Yoast SEO plugin. -->","yoast_head_json":{"title":"Rejsest\u00f8tte - NATA North Atlantic Tourism Association","description":"S\u00f8g rejsest\u00f8tte fra NATA til skolegrupper, sportsgrupper, Musikalske arrangementer og andre former for kulturel udveksling.","robots":{"index":"index","follow":"follow","max-snippet":"max-snippet:-1","max-image-preview":"max-image-preview:large","max-video-preview":"max-video-preview:-1"},"canonical":"https:\/\/www.northatlantic-islands.com\/da\/rejsestoette-fra-nata\/","og_locale":"da_DK","og_type":"article","og_title":"S\u00f8g rejsest\u00f8tte fra NATA - North Atlantic Tourism Association","og_description":"S\u00f8g rejsest\u00f8tte fra NATA til skolegrupper, sportsgrupper, Musikalske arrangementer og andre former for kulturel udveksling.","og_url":"https:\/\/www.northatlantic-islands.com\/da\/rejsestoette-fra-nata\/","og_site_name":"NATA","article_modified_time":"2021-10-25T08:44:44+00:00","og_image":[{"width":612,"height":340,"url":"https:\/\/www.northatlantic-islands.com\/wp-content\/uploads\/2021\/06\/Rectangle-34.jpg","type":"image\/jpeg"}],"twitter_card":"summary_large_image","twitter_title":"S\u00f8g rejsest\u00f8tte fra NATA - North Atlantic Tourism Association","twitter_description":"S\u00f8g rejsest\u00f8tte fra NATA til skolegrupper, sportsgrupper, Musikalske arrangementer og andre former for kulturel udveksling.","twitter_image":"https:\/\/www.northatlantic-islands.com\/wp-content\/uploads\/2021\/06\/Rectangle-34.jpg","twitter_misc":{"Estimeret l\u00e6setid":"1 minut"},"schema":{"@context":"https:\/\/schema.org","@graph":[{"@type":"WebPage","@id":"https:\/\/www.northatlantic-islands.com\/da\/rejsestoette-fra-nata\/","url":"https:\/\/www.northatlantic-islands.com\/da\/rejsestoette-fra-nata\/","name":"Rejsest\u00f8tte - NATA North Atlantic Tourism Association","isPartOf":{"@id":"https:\/\/www.northatlantic-islands.com\/da\/#website"},"primaryImageOfPage":{"@id":"https:\/\/www.northatlantic-islands.com\/da\/rejsestoette-fra-nata\/#primaryimage"},"image":{"@id":"https:\/\/www.northatlantic-islands.com\/da\/rejsestoette-fra-nata\/#primaryimage"},"thumbnailUrl":"https:\/\/www.northatlantic-islands.com\/wp-content\/uploads\/2021\/07\/People-in-Nuuk-during-video-shoot.-Photo-Filip-Gielda-Visit-Greenland-5-scaled.jpg","datePublished":"2021-07-19T14:09:03+00:00","dateModified":"2021-10-25T08:44:44+00:00","description":"S\u00f8g rejsest\u00f8tte fra NATA til skolegrupper, sportsgrupper, Musikalske arrangementer og andre former for kulturel udveksling.","breadcrumb":{"@id":"https:\/\/www.northatlantic-islands.com\/da\/rejsestoette-fra-nata\/#breadcrumb"},"inLanguage":"da-DK","potentialAction":[{"@type":"ReadAction","target":["https:\/\/www.northatlantic-islands.com\/da\/rejsestoette-fra-nata\/"]}]},{"@type":"ImageObject","inLanguage":"da-DK","@id":"https:\/\/www.northatlantic-islands.com\/da\/rejsestoette-fra-nata\/#primaryimage","url":"https:\/\/www.northatlantic-islands.com\/wp-content\/uploads\/2021\/07\/People-in-Nuuk-during-video-shoot.-Photo-Filip-Gielda-Visit-Greenland-5-scaled.jpg","contentUrl":"https:\/\/www.northatlantic-islands.com\/wp-content\/uploads\/2021\/07\/People-in-Nuuk-during-video-shoot.-Photo-Filip-Gielda-Visit-Greenland-5-scaled.jpg","width":2560,"height":1709,"caption":"Photo: Filip Gielda - Visit Greenland"},{"@type":"BreadcrumbList","@id":"https:\/\/www.northatlantic-islands.com\/da\/rejsestoette-fra-nata\/#breadcrumb","itemListElement":[{"@type":"ListItem","position":1,"name":"Home","item":"https:\/\/www.northatlantic-islands.com\/da\/"},{"@type":"ListItem","position":2,"name":"Rejsest\u00f8tte"}]},{"@type":"WebSite","@id":"https:\/\/www.northatlantic-islands.com\/da\/#website","url":"https:\/\/www.northatlantic-islands.com\/da\/","name":"NATA","description":"North Atlantic Tourism Association","potentialAction":[{"@type":"SearchAction","target":{"@type":"EntryPoint","urlTemplate":"https:\/\/www.northatlantic-islands.com\/da\/?s={search_term_string}"},"query-input":{"@type":"PropertyValueSpecification","valueRequired":true,"valueName":"search_term_string"}}],"inLanguage":"da-DK"}]}},"_links":{"self":[{"href":"https:\/\/www.northatlantic-islands.com\/da\/wp-json\/wp\/v2\/pages\/1108","targetHints":{"allow":["GET"]}}],"collection":[{"href":"https:\/\/www.northatlantic-islands.com\/da\/wp-json\/wp\/v2\/pages"}],"about":[{"href":"https:\/\/www.northatlantic-islands.com\/da\/wp-json\/wp\/v2\/types\/page"}],"author":[{"embeddable":true,"href":"https:\/\/www.northatlantic-islands.com\/da\/wp-json\/wp\/v2\/users\/2"}],"replies":[{"embeddable":true,"href":"https:\/\/www.northatlantic-islands.com\/da\/wp-json\/wp\/v2\/comments?post=1108"}],"version-history":[{"count":4,"href":"https:\/\/www.northatlantic-islands.com\/da\/wp-json\/wp\/v2\/pages\/1108\/revisions"}],"predecessor-version":[{"id":1652,"href":"https:\/\/www.northatlantic-islands.com\/da\/wp-json\/wp\/v2\/pages\/1108\/revisions\/1652"}],"wp:featuredmedia":[{"embeddable":true,"href":"https:\/\/www.northatlantic-islands.com\/da\/wp-json\/wp\/v2\/media\/798"}],"wp:attachment":[{"href":"https:\/\/www.northatlantic-islands.com\/da\/wp-json\/wp\/v2\/media?parent=1108"}],"curies":[{"name":"wp","href":"https:\/\/api.w.org\/{rel}","templated":true}]}}